{"id":70,"date":"2024-01-25T17:06:34","date_gmt":"2024-01-25T16:06:34","guid":{"rendered":"https:\/\/tecnicaer.com\/?page_id=70"},"modified":"2025-10-28T23:49:17","modified_gmt":"2025-10-28T22:49:17","slug":"valori","status":"publish","type":"page","link":"https:\/\/mcidemo.it\/tecnicaer\/valori\/","title":{"rendered":"Valori"},"content":{"rendered":"\t\t<div data-elementor-type=\"wp-page\" data-elementor-id=\"70\" class=\"elementor elementor-70\" data-elementor-post-type=\"page\">\n\t\t\t\t<div class=\"elementor-element elementor-element-6cbd8b8f e-flex e-con-boxed e-con e-parent\" data-id=\"6cbd8b8f\" data-element_type=\"container\" data-e-type=\"container\">\n\t\t\t\t\t<div class=\"e-con-inner\">\n\t\t\t\t<div class=\"elementor-element elementor-element-330b712d elementor-widget elementor-widget-heading\" data-id=\"330b712d\" data-element_type=\"widget\" data-e-type=\"widget\" data-widget_type=\"heading.default\">\n\t\t\t\t\t<h1 class=\"elementor-heading-title elementor-size-default\">Valori di Tecnicaer<\/h1>\t\t\t\t<\/div>\n\t\t\t\t<div class=\"elementor-element elementor-element-3c880c02 elementor-widget-divider--view-line elementor-widget elementor-widget-divider\" data-id=\"3c880c02\" data-element_type=\"widget\" data-e-type=\"widget\" data-widget_type=\"divider.default\">\n\t\t\t\t\t\t\t<div class=\"elementor-divider\">\n\t\t\t<span class=\"elementor-divider-separator\">\n\t\t\t\t\t\t<\/span>\n\t\t<\/div>\n\t\t\t\t\t\t<\/div>\n\t\t\t\t\t<\/div>\n\t\t\t\t<\/div>\n\t\t<div class=\"elementor-element elementor-element-a658926 e-grid e-con-boxed e-con e-parent\" data-id=\"a658926\" data-element_type=\"container\" data-e-type=\"container\">\n\t\t\t\t\t<div class=\"e-con-inner\">\n\t\t<div class=\"elementor-element elementor-element-48c964e2 e-con-full e-flex e-con e-child\" data-id=\"48c964e2\" data-element_type=\"container\" data-e-type=\"container\">\n\t\t\t\t<div class=\"elementor-element elementor-element-649bb50c elementor-widget elementor-widget-image\" data-id=\"649bb50c\" data-element_type=\"widget\" data-e-type=\"widget\" data-widget_type=\"image.default\">\n\t\t\t\t\t\t\t\t\t\t\t\t\t\t\t<img fetchpriority=\"high\" decoding=\"async\" width=\"800\" height=\"534\" src=\"https:\/\/mcidemo.it\/tecnicaer\/wp-content\/uploads\/2024\/03\/ADZ6789-1024x683.jpg\" class=\"attachment-large size-large wp-image-1239\" alt=\"Valori di Tecnicaer - Progettualit\u00e0\" srcset=\"https:\/\/mcidemo.it\/tecnicaer\/wp-content\/uploads\/2024\/03\/ADZ6789-1024x683.jpg 1024w, https:\/\/mcidemo.it\/tecnicaer\/wp-content\/uploads\/2024\/03\/ADZ6789-300x200.jpg 300w, https:\/\/mcidemo.it\/tecnicaer\/wp-content\/uploads\/2024\/03\/ADZ6789-768x512.jpg 768w, https:\/\/mcidemo.it\/tecnicaer\/wp-content\/uploads\/2024\/03\/ADZ6789.jpg 1500w\" sizes=\"(max-width: 800px) 100vw, 800px\" \/>\t\t\t\t\t\t\t\t\t\t\t\t\t\t\t<\/div>\n\t\t\t\t<div class=\"elementor-element elementor-element-272d12a0 elementor-widget elementor-widget-heading\" data-id=\"272d12a0\" data-element_type=\"widget\" data-e-type=\"widget\" data-widget_type=\"heading.default\">\n\t\t\t\t\t<h2 class=\"elementor-heading-title elementor-size-default\">Valori di Tecnicaer<\/h2>\t\t\t\t<\/div>\n\t\t\t\t<div class=\"elementor-element elementor-element-33b10b3d elementor-widget-divider--view-line elementor-widget elementor-widget-divider\" data-id=\"33b10b3d\" data-element_type=\"widget\" data-e-type=\"widget\" data-widget_type=\"divider.default\">\n\t\t\t\t\t\t\t<div class=\"elementor-divider\">\n\t\t\t<span class=\"elementor-divider-separator\">\n\t\t\t\t\t\t<\/span>\n\t\t<\/div>\n\t\t\t\t\t\t<\/div>\n\t\t\t\t<div class=\"elementor-element elementor-element-4d3971e0 elementor-widget elementor-widget-text-editor\" data-id=\"4d3971e0\" data-element_type=\"widget\" data-e-type=\"widget\" data-widget_type=\"text-editor.default\">\n\t\t\t\t\t\t\t\t\t<p>L\u2019uomo \u00e8 al centro degli spazi e delle infrastrutture che progettiamo. Intorno a lui costruiamo elementi quotidiani che integriamo poi a sistemi tecnologici avanzati per consentirgli di vivere al meglio i luoghi della sua esperienza.<\/p>\t\t\t\t\t\t\t\t<\/div>\n\t\t\t\t<\/div>\n\t\t<div class=\"elementor-element elementor-element-6be62c1f e-con-full e-flex e-con e-child\" data-id=\"6be62c1f\" data-element_type=\"container\" data-e-type=\"container\">\n\t\t\t\t<div class=\"elementor-element elementor-element-73250bc1 elementor-widget elementor-widget-image\" data-id=\"73250bc1\" data-element_type=\"widget\" data-e-type=\"widget\" data-widget_type=\"image.default\">\n\t\t\t\t\t\t\t\t\t\t\t\t\t\t\t<img decoding=\"async\" width=\"800\" height=\"534\" src=\"https:\/\/mcidemo.it\/tecnicaer\/wp-content\/uploads\/2024\/03\/innovazione-2-1024x683.jpg\" class=\"attachment-large size-large wp-image-1244\" alt=\"Valori di Tecnicaer - Innovazione\" srcset=\"https:\/\/mcidemo.it\/tecnicaer\/wp-content\/uploads\/2024\/03\/innovazione-2-1024x683.jpg 1024w, https:\/\/mcidemo.it\/tecnicaer\/wp-content\/uploads\/2024\/03\/innovazione-2-300x200.jpg 300w, https:\/\/mcidemo.it\/tecnicaer\/wp-content\/uploads\/2024\/03\/innovazione-2-768x512.jpg 768w, https:\/\/mcidemo.it\/tecnicaer\/wp-content\/uploads\/2024\/03\/innovazione-2.jpg 1500w\" sizes=\"(max-width: 800px) 100vw, 800px\" \/>\t\t\t\t\t\t\t\t\t\t\t\t\t\t\t<\/div>\n\t\t\t\t<div class=\"elementor-element elementor-element-2dd94a6a elementor-widget elementor-widget-heading\" data-id=\"2dd94a6a\" data-element_type=\"widget\" data-e-type=\"widget\" data-widget_type=\"heading.default\">\n\t\t\t\t\t<h2 class=\"elementor-heading-title elementor-size-default\">Innovazione<\/h2>\t\t\t\t<\/div>\n\t\t\t\t<div class=\"elementor-element elementor-element-5a516095 elementor-widget-divider--view-line elementor-widget elementor-widget-divider\" data-id=\"5a516095\" data-element_type=\"widget\" data-e-type=\"widget\" data-widget_type=\"divider.default\">\n\t\t\t\t\t\t\t<div class=\"elementor-divider\">\n\t\t\t<span class=\"elementor-divider-separator\">\n\t\t\t\t\t\t<\/span>\n\t\t<\/div>\n\t\t\t\t\t\t<\/div>\n\t\t\t\t<div class=\"elementor-element elementor-element-3f668769 elementor-widget elementor-widget-text-editor\" data-id=\"3f668769\" data-element_type=\"widget\" data-e-type=\"widget\" data-widget_type=\"text-editor.default\">\n\t\t\t\t\t\t\t\t\t<p>Ogni progetto per Tecnicaer \u00e8 la sintesi di una ricerca basata sull\u2019innovazione e sull\u2019 inserimento di tecnologie e Know-how altamente specifici. Ogni attivit\u00e0 viene studiata e analizzata proponendo aspetti innovativi che la rendono unica e quindi diversa dalle altre.<\/p>\t\t\t\t\t\t\t\t<\/div>\n\t\t\t\t<div class=\"elementor-element elementor-element-3844548f elementor-widget elementor-widget-button\" data-id=\"3844548f\" data-element_type=\"widget\" data-e-type=\"widget\" data-widget_type=\"button.default\">\n\t\t\t\t\t\t\t\t\t\t<a class=\"elementor-button elementor-button-link elementor-size-sm\" href=\"https:\/\/mcidemo.it\/tecnicaer\/tecniverso\/\">\n\t\t\t\t\t\t<span class=\"elementor-button-content-wrapper\">\n\t\t\t\t\t\t\t\t\t<span class=\"elementor-button-text\">Scopri tecniverso<\/span>\n\t\t\t\t\t<\/span>\n\t\t\t\t\t<\/a>\n\t\t\t\t\t\t\t\t<\/div>\n\t\t\t\t<\/div>\n\t\t<div class=\"elementor-element elementor-element-168421d7 e-con-full e-flex e-con e-child\" data-id=\"168421d7\" data-element_type=\"container\" data-e-type=\"container\">\n\t\t\t\t<div class=\"elementor-element elementor-element-6c379ba4 elementor-widget elementor-widget-image\" data-id=\"6c379ba4\" data-element_type=\"widget\" data-e-type=\"widget\" data-widget_type=\"image.default\">\n\t\t\t\t\t\t\t\t\t\t\t\t\t\t\t<img decoding=\"async\" width=\"800\" height=\"534\" src=\"https:\/\/mcidemo.it\/tecnicaer\/wp-content\/uploads\/2024\/03\/eseperienza-tecnicaer.jpg\" class=\"attachment-large size-large wp-image-965\" alt=\"Valori di Tecnicaer - Esperienza\" srcset=\"https:\/\/mcidemo.it\/tecnicaer\/wp-content\/uploads\/2024\/03\/eseperienza-tecnicaer.jpg 1000w, https:\/\/mcidemo.it\/tecnicaer\/wp-content\/uploads\/2024\/03\/eseperienza-tecnicaer-300x200.jpg 300w, https:\/\/mcidemo.it\/tecnicaer\/wp-content\/uploads\/2024\/03\/eseperienza-tecnicaer-768x512.jpg 768w\" sizes=\"(max-width: 800px) 100vw, 800px\" \/>\t\t\t\t\t\t\t\t\t\t\t\t\t\t\t<\/div>\n\t\t\t\t<div class=\"elementor-element elementor-element-33f9e196 elementor-widget elementor-widget-heading\" data-id=\"33f9e196\" data-element_type=\"widget\" data-e-type=\"widget\" data-widget_type=\"heading.default\">\n\t\t\t\t\t<h2 class=\"elementor-heading-title elementor-size-default\">Esperienza<\/h2>\t\t\t\t<\/div>\n\t\t\t\t<div class=\"elementor-element elementor-element-3930aaff elementor-widget-divider--view-line elementor-widget elementor-widget-divider\" data-id=\"3930aaff\" data-element_type=\"widget\" data-e-type=\"widget\" data-widget_type=\"divider.default\">\n\t\t\t\t\t\t\t<div class=\"elementor-divider\">\n\t\t\t<span class=\"elementor-divider-separator\">\n\t\t\t\t\t\t<\/span>\n\t\t<\/div>\n\t\t\t\t\t\t<\/div>\n\t\t\t\t<div class=\"elementor-element elementor-element-44f37fc1 elementor-widget elementor-widget-text-editor\" data-id=\"44f37fc1\" data-element_type=\"widget\" data-e-type=\"widget\" data-widget_type=\"text-editor.default\">\n\t\t\t\t\t\t\t\t\t<p>Da oltre vent\u2019anni il team di Tecnicaer mette in campo un\u2019esperienza tecnica e formativa diversificata in ogni settore progettuale. I nostri soci fondatori con il supporto dei collaboratori miscelano in maniera continuativa esperienza e innovazione per garantire la produzione di progetti che sposino esigenze estetiche e funzionali.<\/p>\t\t\t\t\t\t\t\t<\/div>\n\t\t\t\t<\/div>\n\t\t<div class=\"elementor-element elementor-element-49bc68a e-con-full e-flex e-con e-child\" data-id=\"49bc68a\" data-element_type=\"container\" data-e-type=\"container\">\n\t\t\t\t<div class=\"elementor-element elementor-element-eb3b2cb elementor-widget elementor-widget-image\" data-id=\"eb3b2cb\" data-element_type=\"widget\" data-e-type=\"widget\" data-widget_type=\"image.default\">\n\t\t\t\t\t\t\t\t\t\t\t\t\t\t\t<img loading=\"lazy\" decoding=\"async\" width=\"800\" height=\"534\" src=\"https:\/\/mcidemo.it\/tecnicaer\/wp-content\/uploads\/2024\/03\/valore-della-persona.jpg\" class=\"attachment-large size-large wp-image-939\" alt=\"Valori di Tecnicaer - Valore della persona\" srcset=\"https:\/\/mcidemo.it\/tecnicaer\/wp-content\/uploads\/2024\/03\/valore-della-persona.jpg 1000w, https:\/\/mcidemo.it\/tecnicaer\/wp-content\/uploads\/2024\/03\/valore-della-persona-300x200.jpg 300w, https:\/\/mcidemo.it\/tecnicaer\/wp-content\/uploads\/2024\/03\/valore-della-persona-768x512.jpg 768w\" sizes=\"(max-width: 800px) 100vw, 800px\" \/>\t\t\t\t\t\t\t\t\t\t\t\t\t\t\t<\/div>\n\t\t\t\t<div class=\"elementor-element elementor-element-32eb35c elementor-widget elementor-widget-heading\" data-id=\"32eb35c\" data-element_type=\"widget\" data-e-type=\"widget\" data-widget_type=\"heading.default\">\n\t\t\t\t\t<h2 class=\"elementor-heading-title elementor-size-default\">Valore della persona\n<\/h2>\t\t\t\t<\/div>\n\t\t\t\t<div class=\"elementor-element elementor-element-34891bbd elementor-widget-divider--view-line elementor-widget elementor-widget-divider\" data-id=\"34891bbd\" data-element_type=\"widget\" data-e-type=\"widget\" data-widget_type=\"divider.default\">\n\t\t\t\t\t\t\t<div class=\"elementor-divider\">\n\t\t\t<span class=\"elementor-divider-separator\">\n\t\t\t\t\t\t<\/span>\n\t\t<\/div>\n\t\t\t\t\t\t<\/div>\n\t\t\t\t<div class=\"elementor-element elementor-element-557037e4 elementor-widget elementor-widget-text-editor\" data-id=\"557037e4\" data-element_type=\"widget\" data-e-type=\"widget\" data-widget_type=\"text-editor.default\">\n\t\t\t\t\t\t\t\t\t<p>Ogni collaboratore si sente partecipe del progetto! Le persone sono il nostro valore aggiunto. A tal proposito Tecnicaer pone la massima attenzione al welfare aziendale garantendo a tutti strumenti per la cura della persona e della vivibilit\u00e0 dell\u2019ufficio.<\/p><p>I valori della persona si riflettono anche nello sport, dove l\u2019impegno, la dedizione e il lavoro di squadra sono principi fondamentali per il successo.<\/p>\t\t\t\t\t\t\t\t<\/div>\n\t\t<div class=\"elementor-element elementor-element-1b2daf78 e-con-full e-flex e-con e-child\" data-id=\"1b2daf78\" data-element_type=\"container\" data-e-type=\"container\">\n\t\t\t\t<div class=\"elementor-element elementor-element-cf14bde elementor-widget elementor-widget-button\" data-id=\"cf14bde\" data-element_type=\"widget\" data-e-type=\"widget\" data-widget_type=\"button.default\">\n\t\t\t\t\t\t\t\t\t\t<a class=\"elementor-button elementor-button-link elementor-size-sm\" href=\"https:\/\/mcidemo.it\/tecnicaer\/house-of-sports\/\">\n\t\t\t\t\t\t<span class=\"elementor-button-content-wrapper\">\n\t\t\t\t\t\t\t\t\t<span class=\"elementor-button-text\">House of sports<\/span>\n\t\t\t\t\t<\/span>\n\t\t\t\t\t<\/a>\n\t\t\t\t\t\t\t\t<\/div>\n\t\t\t\t<div class=\"elementor-element elementor-element-6e9aac13 elementor-widget elementor-widget-button\" data-id=\"6e9aac13\" data-element_type=\"widget\" data-e-type=\"widget\" data-widget_type=\"button.default\">\n\t\t\t\t\t\t\t\t\t\t<a class=\"elementor-button elementor-button-link elementor-size-sm\" href=\"https:\/\/mcidemo.it\/tecnicaer\/welfare-aziendale\/#approccio\">\n\t\t\t\t\t\t<span class=\"elementor-button-content-wrapper\">\n\t\t\t\t\t\t\t\t\t<span class=\"elementor-button-text\">Welfare aziendale<\/span>\n\t\t\t\t\t<\/span>\n\t\t\t\t\t<\/a>\n\t\t\t\t\t\t\t\t<\/div>\n\t\t\t\t<\/div>\n\t\t\t\t<\/div>\n\t\t<div class=\"elementor-element elementor-element-47d48efb e-con-full e-flex e-con e-child\" data-id=\"47d48efb\" data-element_type=\"container\" data-e-type=\"container\">\n\t\t\t\t<div class=\"elementor-element elementor-element-888a11e elementor-widget elementor-widget-image\" data-id=\"888a11e\" data-element_type=\"widget\" data-e-type=\"widget\" data-widget_type=\"image.default\">\n\t\t\t\t\t\t\t\t\t\t\t\t\t\t\t<img loading=\"lazy\" decoding=\"async\" width=\"800\" height=\"534\" src=\"https:\/\/mcidemo.it\/tecnicaer\/wp-content\/uploads\/2024\/03\/sostenibilita.jpg\" class=\"attachment-large size-large wp-image-942\" alt=\"Valori di Tecnicaer - Sostenibilit\u00e0\" srcset=\"https:\/\/mcidemo.it\/tecnicaer\/wp-content\/uploads\/2024\/03\/sostenibilita.jpg 1000w, https:\/\/mcidemo.it\/tecnicaer\/wp-content\/uploads\/2024\/03\/sostenibilita-300x200.jpg 300w, https:\/\/mcidemo.it\/tecnicaer\/wp-content\/uploads\/2024\/03\/sostenibilita-768x512.jpg 768w\" sizes=\"(max-width: 800px) 100vw, 800px\" \/>\t\t\t\t\t\t\t\t\t\t\t\t\t\t\t<\/div>\n\t\t\t\t<div class=\"elementor-element elementor-element-7d621b9f elementor-widget elementor-widget-heading\" data-id=\"7d621b9f\" data-element_type=\"widget\" data-e-type=\"widget\" data-widget_type=\"heading.default\">\n\t\t\t\t\t<h2 class=\"elementor-heading-title elementor-size-default\">Sostenibilit\u00e0<\/h2>\t\t\t\t<\/div>\n\t\t\t\t<div class=\"elementor-element elementor-element-6999191f elementor-widget-divider--view-line elementor-widget elementor-widget-divider\" data-id=\"6999191f\" data-element_type=\"widget\" data-e-type=\"widget\" data-widget_type=\"divider.default\">\n\t\t\t\t\t\t\t<div class=\"elementor-divider\">\n\t\t\t<span class=\"elementor-divider-separator\">\n\t\t\t\t\t\t<\/span>\n\t\t<\/div>\n\t\t\t\t\t\t<\/div>\n\t\t\t\t<div class=\"elementor-element elementor-element-1884befd elementor-widget elementor-widget-text-editor\" data-id=\"1884befd\" data-element_type=\"widget\" data-e-type=\"widget\" data-widget_type=\"text-editor.default\">\n\t\t\t\t\t\t\t\t\t<p>Il percorso di transizione ecologica, oltre ad essere una necessit\u00e0, rappresenta ormai la visione aziendale Tecnicaer. Per poter sostenere i progetti \u00e8 stata creata una nuova divisione strategica che affianca la societ\u00e0 Tecnigreen, partecipata al 50% da Tecnicaer, in cui si sviluppano tecnologie altamente qualificate per la progettazione CER, l\u2019efficientamento energetico e progetti di sostenibilit\u00e0 ambientali.<\/p>\t\t\t\t\t\t\t\t<\/div>\n\t\t\t\t<\/div>\n\t\t<div class=\"elementor-element elementor-element-7be9a74a e-con-full e-flex e-con e-child\" data-id=\"7be9a74a\" data-element_type=\"container\" data-e-type=\"container\">\n\t\t\t\t<div class=\"elementor-element elementor-element-3d6f357d elementor-widget elementor-widget-image\" data-id=\"3d6f357d\" data-element_type=\"widget\" data-e-type=\"widget\" data-widget_type=\"image.default\">\n\t\t\t\t\t\t\t\t\t\t\t\t\t\t\t<img loading=\"lazy\" decoding=\"async\" width=\"800\" height=\"534\" src=\"https:\/\/mcidemo.it\/tecnicaer\/wp-content\/uploads\/2024\/03\/tecnicaer-academy-1024x683.jpg\" class=\"attachment-large size-large wp-image-1246\" alt=\"Valori di Tecnicaer - Academy\" srcset=\"https:\/\/mcidemo.it\/tecnicaer\/wp-content\/uploads\/2024\/03\/tecnicaer-academy-1024x683.jpg 1024w, https:\/\/mcidemo.it\/tecnicaer\/wp-content\/uploads\/2024\/03\/tecnicaer-academy-300x200.jpg 300w, https:\/\/mcidemo.it\/tecnicaer\/wp-content\/uploads\/2024\/03\/tecnicaer-academy-768x512.jpg 768w, https:\/\/mcidemo.it\/tecnicaer\/wp-content\/uploads\/2024\/03\/tecnicaer-academy.jpg 1500w\" sizes=\"(max-width: 800px) 100vw, 800px\" \/>\t\t\t\t\t\t\t\t\t\t\t\t\t\t\t<\/div>\n\t\t\t\t<div class=\"elementor-element elementor-element-670a9b69 elementor-widget elementor-widget-heading\" data-id=\"670a9b69\" data-element_type=\"widget\" data-e-type=\"widget\" data-widget_type=\"heading.default\">\n\t\t\t\t\t<h2 class=\"elementor-heading-title elementor-size-default\">Formazione &amp; Academy\n<\/h2>\t\t\t\t<\/div>\n\t\t\t\t<div class=\"elementor-element elementor-element-3f5483c9 elementor-widget-divider--view-line elementor-widget elementor-widget-divider\" data-id=\"3f5483c9\" data-element_type=\"widget\" data-e-type=\"widget\" data-widget_type=\"divider.default\">\n\t\t\t\t\t\t\t<div class=\"elementor-divider\">\n\t\t\t<span class=\"elementor-divider-separator\">\n\t\t\t\t\t\t<\/span>\n\t\t<\/div>\n\t\t\t\t\t\t<\/div>\n\t\t\t\t<div class=\"elementor-element elementor-element-29c8a917 elementor-widget elementor-widget-text-editor\" data-id=\"29c8a917\" data-element_type=\"widget\" data-e-type=\"widget\" data-widget_type=\"text-editor.default\">\n\t\t\t\t\t\t\t\t\t<p>Tecnicaer sostiene la formazione dei collaboratori individuando percorsi altamente qualificanti e formativi in aderenza al percorso di crescita all\u2019interno dell\u2019azienda. Vengono finanziati Master di alto livello e corsi di specializzazione. \u00a0Periodicamente vengono organizzati\u00a0 lezioni di formazione interne con lo scopo di condividere le tematiche di progettazione e gestione dei progetti.<\/p>\t\t\t\t\t\t\t\t<\/div>\n\t\t\t\t<div class=\"elementor-element elementor-element-2aeaed1a elementor-widget elementor-widget-button\" data-id=\"2aeaed1a\" data-element_type=\"widget\" data-e-type=\"widget\" data-widget_type=\"button.default\">\n\t\t\t\t\t\t\t\t\t\t<a class=\"elementor-button elementor-button-link elementor-size-sm\" href=\"https:\/\/mcidemo.it\/tecnicaer\/academy\/\">\n\t\t\t\t\t\t<span class=\"elementor-button-content-wrapper\">\n\t\t\t\t\t\t\t\t\t<span class=\"elementor-button-text\">Scopri Academy<\/span>\n\t\t\t\t\t<\/span>\n\t\t\t\t\t<\/a>\n\t\t\t\t\t\t\t\t<\/div>\n\t\t\t\t<\/div>\n\t\t\t\t\t<\/div>\n\t\t\t\t<\/div>\n\t\t\t\t<\/div>\n\t\t","protected":false},"excerpt":{"rendered":"<p>Valori di Tecnicaer Valori di Tecnicaer L\u2019uomo \u00e8 al centro degli spazi e delle infrastrutture che progettiamo. Intorno a lui costruiamo elementi quotidiani che integriamo poi a sistemi tecnologici avanzati per consentirgli di vivere al meglio i luoghi della sua esperienza. Innovazione Ogni progetto per Tecnicaer \u00e8 la sintesi di una ricerca basata sull\u2019innovazione e [&hellip;]<\/p>\n","protected":false},"author":1,"featured_media":0,"parent":0,"menu_order":57,"comment_status":"closed","ping_status":"closed","template":"","meta":{"_acf_changed":false,"footnotes":""},"class_list":["post-70","page","type-page","status-publish","hentry"],"acf":[],"_links":{"self":[{"href":"https:\/\/mcidemo.it\/tecnicaer\/wp-json\/wp\/v2\/pages\/70","targetHints":{"allow":["GET"]}}],"collection":[{"href":"https:\/\/mcidemo.it\/tecnicaer\/wp-json\/wp\/v2\/pages"}],"about":[{"href":"https:\/\/mcidemo.it\/tecnicaer\/wp-json\/wp\/v2\/types\/page"}],"author":[{"embeddable":true,"href":"https:\/\/mcidemo.it\/tecnicaer\/wp-json\/wp\/v2\/users\/1"}],"replies":[{"embeddable":true,"href":"https:\/\/mcidemo.it\/tecnicaer\/wp-json\/wp\/v2\/comments?post=70"}],"version-history":[{"count":13,"href":"https:\/\/mcidemo.it\/tecnicaer\/wp-json\/wp\/v2\/pages\/70\/revisions"}],"predecessor-version":[{"id":7615,"href":"https:\/\/mcidemo.it\/tecnicaer\/wp-json\/wp\/v2\/pages\/70\/revisions\/7615"}],"wp:attachment":[{"href":"https:\/\/mcidemo.it\/tecnicaer\/wp-json\/wp\/v2\/media?parent=70"}],"curies":[{"name":"wp","href":"https:\/\/api.w.org\/{rel}","templated":true}]}}