{"id":24511,"date":"2025-11-21T10:55:42","date_gmt":"2025-11-21T10:55:42","guid":{"rendered":"https:\/\/mcidemo.it\/sanimed\/?page_id=24511"},"modified":"2025-11-21T11:31:53","modified_gmt":"2025-11-21T11:31:53","slug":"contatti","status":"publish","type":"page","link":"https:\/\/mcidemo.it\/sanimed\/contatti\/","title":{"rendered":"Contatti"},"content":{"rendered":"\t\t<div data-elementor-type=\"wp-page\" data-elementor-id=\"24511\" class=\"elementor elementor-24511\" data-elementor-post-type=\"page\">\n\t\t\t\t<div class=\"elementor-element elementor-element-26dacadd e-grid e-con-boxed e-con e-parent\" data-id=\"26dacadd\" data-element_type=\"container\">\n\t\t\t\t\t<div class=\"e-con-inner\">\n\t\t\t\t<div class=\"elementor-element elementor-element-02b60f0 elementor-widget elementor-widget-google_maps\" data-id=\"02b60f0\" data-element_type=\"widget\" data-widget_type=\"google_maps.default\">\n\t\t\t\t\t\t\t<div class=\"elementor-custom-embed\">\n\t\t\t<iframe loading=\"lazy\"\n\t\t\t\t\tsrc=\"https:\/\/maps.google.com\/maps?q=Cremona%20Sanimed%20Forniture&#038;t=m&#038;z=13&#038;output=embed&#038;iwloc=near\"\n\t\t\t\t\ttitle=\"Cremona Sanimed Forniture\"\n\t\t\t\t\taria-label=\"Cremona Sanimed Forniture\"\n\t\t\t><\/iframe>\n\t\t<\/div>\n\t\t\t\t\t\t<\/div>\n\t\t\t\t<div class=\"elementor-element elementor-element-17f75f6 elementor-widget elementor-widget-text-editor\" data-id=\"17f75f6\" data-element_type=\"widget\" data-widget_type=\"text-editor.default\">\n\t\t\t\t\t\t\t\t\t<p><span style=\"color: #2e74b9;\"><strong>Telefono:<\/strong><\/span><br \/>0372 435006<br \/>331 4004743<\/p>\n<p><strong><span style=\"color: #2e74b9;\">e-mail:<\/span><\/strong><br \/>info@sanimed.it<br \/>info@pec.sanimed.it<\/p>\n<p><span style=\"color: #2e74b9;\"><strong>Orari Uffici:<\/strong><\/span><br \/><strong>Luned\u00ec &#8211; Gioved\u00ec<\/strong>: 8.00 &#8211; 13.00 | 14.00 &#8211; 17.00<br \/><strong>Venerd\u00ec<\/strong>: 8.00 &#8211; 12.30<\/p>\n<p><br \/><strong><span style=\"color: #2e74b9;\">Sede Legale:<\/span><\/strong><br \/>Via Giuseppina 12\/S | 26100 Cremona (CR)<\/p>\t\t\t\t\t\t\t\t<\/div>\n\t\t\t\t\t<\/div>\n\t\t\t\t<\/div>\n\t\t<div class=\"elementor-element elementor-element-8977a60 e-grid e-con-boxed e-con e-parent\" data-id=\"8977a60\" data-element_type=\"container\">\n\t\t\t\t\t<div class=\"e-con-inner\">\n\t\t<div class=\"elementor-element elementor-element-6f5958b e-con-full e-flex e-con e-child\" data-id=\"6f5958b\" data-element_type=\"container\">\n\t\t\t\t<div class=\"elementor-element elementor-element-11f9a6d elementor-widget__width-initial elementor-widget elementor-widget-google_maps\" data-id=\"11f9a6d\" data-element_type=\"widget\" data-widget_type=\"google_maps.default\">\n\t\t\t\t\t\t\t<div class=\"elementor-custom-embed\">\n\t\t\t<iframe loading=\"lazy\"\n\t\t\t\t\tsrc=\"https:\/\/maps.google.com\/maps?q=Mantova%2C%20Via%20Pertini%2C%2011%2Fa&#038;t=m&#038;z=16&#038;output=embed&#038;iwloc=near\"\n\t\t\t\t\ttitle=\"Mantova, Via Pertini, 11\/a\"\n\t\t\t\t\taria-label=\"Mantova, Via Pertini, 11\/a\"\n\t\t\t><\/iframe>\n\t\t<\/div>\n\t\t\t\t\t\t<\/div>\n\t\t\t\t<div class=\"elementor-element elementor-element-0fa9c33 elementor-widget elementor-widget-text-editor\" data-id=\"0fa9c33\" data-element_type=\"widget\" data-widget_type=\"text-editor.default\">\n\t\t\t\t\t\t\t\t\t<p><strong>MANTOVA<\/strong> | Via Pertini 11\/A<\/p>\t\t\t\t\t\t\t\t<\/div>\n\t\t\t\t<\/div>\n\t\t<div class=\"elementor-element elementor-element-c84eaec e-con-full e-flex e-con e-child\" data-id=\"c84eaec\" data-element_type=\"container\">\n\t\t\t\t<div class=\"elementor-element elementor-element-22bcdd0 elementor-widget elementor-widget-google_maps\" data-id=\"22bcdd0\" data-element_type=\"widget\" data-widget_type=\"google_maps.default\">\n\t\t\t\t\t\t\t<div class=\"elementor-custom-embed\">\n\t\t\t<iframe loading=\"lazy\"\n\t\t\t\t\tsrc=\"https:\/\/maps.google.com\/maps?q=Urgnano%2C%20via%20nobile%20133%2Fb&#038;t=m&#038;z=16&#038;output=embed&#038;iwloc=near\"\n\t\t\t\t\ttitle=\"Urgnano, via nobile 133\/b\"\n\t\t\t\t\taria-label=\"Urgnano, via nobile 133\/b\"\n\t\t\t><\/iframe>\n\t\t<\/div>\n\t\t\t\t\t\t<\/div>\n\t\t\t\t<div class=\"elementor-element elementor-element-c0ff9fa elementor-widget elementor-widget-text-editor\" data-id=\"c0ff9fa\" data-element_type=\"widget\" data-widget_type=\"text-editor.default\">\n\t\t\t\t\t\t\t\t\t<p><strong>URGNANO (BG)<\/strong> | Via Nobile 133 A\/B<\/p>\t\t\t\t\t\t\t\t<\/div>\n\t\t\t\t<\/div>\n\t\t<div class=\"elementor-element elementor-element-418bac8 e-con-full e-flex e-con e-child\" data-id=\"418bac8\" data-element_type=\"container\">\n\t\t\t\t<div class=\"elementor-element elementor-element-14da5dc elementor-widget elementor-widget-google_maps\" data-id=\"14da5dc\" data-element_type=\"widget\" data-widget_type=\"google_maps.default\">\n\t\t\t\t\t\t\t<div class=\"elementor-custom-embed\">\n\t\t\t<iframe loading=\"lazy\"\n\t\t\t\t\tsrc=\"https:\/\/maps.google.com\/maps?q=Castelleone%2C%20Via%20solferin0%2C%2075&#038;t=m&#038;z=16&#038;output=embed&#038;iwloc=near\"\n\t\t\t\t\ttitle=\"Castelleone, Via solferin0, 75\"\n\t\t\t\t\taria-label=\"Castelleone, Via solferin0, 75\"\n\t\t\t><\/iframe>\n\t\t<\/div>\n\t\t\t\t\t\t<\/div>\n\t\t\t\t<div class=\"elementor-element elementor-element-2f6768f elementor-widget elementor-widget-text-editor\" data-id=\"2f6768f\" data-element_type=\"widget\" data-widget_type=\"text-editor.default\">\n\t\t\t\t\t\t\t\t\t<p><strong>CASTELLEONE (CR)<\/strong> | Via Solferino 75\/C<\/p>\t\t\t\t\t\t\t\t<\/div>\n\t\t\t\t<\/div>\n\t\t\t\t\t<\/div>\n\t\t\t\t<\/div>\n\t\t\t\t<\/div>\n\t\t","protected":false},"excerpt":{"rendered":"<p>Telefono:0372 435006331 4004743 e-mail:info@sanimed.itinfo@pec.sanimed.it Orari Uffici:Luned\u00ec &#8211; Gioved\u00ec: 8.00 &#8211; 13.00 | 14.00 &#8211; 17.00Venerd\u00ec: 8.00 &#8211; 12.30 Sede Legale:Via Giuseppina 12\/S | 26100 Cremona (CR) MANTOVA | Via Pertini 11\/A URGNANO (BG) | Via Nobile 133 A\/B CASTELLEONE (CR) | Via Solferino 75\/C<\/p>\n","protected":false},"author":1,"featured_media":0,"parent":0,"menu_order":0,"comment_status":"closed","ping_status":"closed","template":"","meta":{"footnotes":""},"class_list":["post-24511","page","type-page","status-publish","hentry"],"_links":{"self":[{"href":"https:\/\/mcidemo.it\/sanimed\/wp-json\/wp\/v2\/pages\/24511","targetHints":{"allow":["GET"]}}],"collection":[{"href":"https:\/\/mcidemo.it\/sanimed\/wp-json\/wp\/v2\/pages"}],"about":[{"href":"https:\/\/mcidemo.it\/sanimed\/wp-json\/wp\/v2\/types\/page"}],"author":[{"embeddable":true,"href":"https:\/\/mcidemo.it\/sanimed\/wp-json\/wp\/v2\/users\/1"}],"replies":[{"embeddable":true,"href":"https:\/\/mcidemo.it\/sanimed\/wp-json\/wp\/v2\/comments?post=24511"}],"version-history":[{"count":13,"href":"https:\/\/mcidemo.it\/sanimed\/wp-json\/wp\/v2\/pages\/24511\/revisions"}],"predecessor-version":[{"id":24526,"href":"https:\/\/mcidemo.it\/sanimed\/wp-json\/wp\/v2\/pages\/24511\/revisions\/24526"}],"wp:attachment":[{"href":"https:\/\/mcidemo.it\/sanimed\/wp-json\/wp\/v2\/media?parent=24511"}],"curies":[{"name":"wp","href":"https:\/\/api.w.org\/{rel}","templated":true}]}}