{"id":1452,"date":"2026-02-09T10:16:05","date_gmt":"2026-02-09T09:16:05","guid":{"rendered":"https:\/\/mcidemo.it\/piw\/?page_id=1452"},"modified":"2026-03-06T16:54:18","modified_gmt":"2026-03-06T15:54:18","slug":"video","status":"publish","type":"page","link":"https:\/\/mcidemo.it\/piw\/video\/","title":{"rendered":"Video"},"content":{"rendered":"\t\t<div data-elementor-type=\"wp-page\" data-elementor-id=\"1452\" class=\"elementor elementor-1452\" data-elementor-post-type=\"page\">\n\t\t\t\t<div class=\"elementor-element elementor-element-ba661ed e-flex e-con-boxed e-con e-parent\" data-id=\"ba661ed\" data-element_type=\"container\" data-e-type=\"container\" data-settings=\"{&quot;background_background&quot;:&quot;classic&quot;,&quot;shape_divider_bottom&quot;:&quot;tilt&quot;}\">\n\t\t\t\t\t<div class=\"e-con-inner\">\n\t\t\t\t<div class=\"elementor-shape elementor-shape-bottom\" aria-hidden=\"true\" data-negative=\"false\">\n\t\t\t<svg xmlns=\"http:\/\/www.w3.org\/2000\/svg\" viewBox=\"0 0 1000 100\" preserveAspectRatio=\"none\">\n\t<path class=\"elementor-shape-fill\" d=\"M0,6V0h1000v100L0,6z\"\/>\n<\/svg>\t\t<\/div>\n\t\t<div class=\"elementor-element elementor-element-d0039c7 e-con-full e-flex e-con e-child\" data-id=\"d0039c7\" data-element_type=\"container\" data-e-type=\"container\">\n\t\t<div class=\"elementor-element elementor-element-e9c1fed e-con-full e-flex e-con e-child\" data-id=\"e9c1fed\" data-element_type=\"container\" data-e-type=\"container\">\n\t\t<div class=\"elementor-element elementor-element-d895088 e-con-full e-flex e-con e-child\" data-id=\"d895088\" data-element_type=\"container\" data-e-type=\"container\">\n\t\t<div class=\"elementor-element elementor-element-21b5dea e-con-full e-flex e-con e-child\" data-id=\"21b5dea\" data-element_type=\"container\" data-e-type=\"container\">\n\t\t\t\t<div class=\"elementor-element elementor-element-b27eb13 elementor-widget elementor-widget-image\" data-id=\"b27eb13\" data-element_type=\"widget\" data-e-type=\"widget\" data-widget_type=\"image.default\">\n\t\t\t\t\t\t\t\t\t\t\t\t\t\t\t\t<a href=\"https:\/\/mcidemo.it\/piw\">\n\t\t\t\t\t\t\t<img fetchpriority=\"high\" decoding=\"async\" width=\"479\" height=\"479\" src=\"https:\/\/mcidemo.it\/piw\/wp-content\/uploads\/2026\/02\/logo_simbolo_PIW.png\" class=\"attachment-large size-large wp-image-2590\" alt=\"\" srcset=\"https:\/\/mcidemo.it\/piw\/wp-content\/uploads\/2026\/02\/logo_simbolo_PIW.png 479w, https:\/\/mcidemo.it\/piw\/wp-content\/uploads\/2026\/02\/logo_simbolo_PIW-300x300.png 300w, https:\/\/mcidemo.it\/piw\/wp-content\/uploads\/2026\/02\/logo_simbolo_PIW-150x150.png 150w\" sizes=\"(max-width: 479px) 100vw, 479px\" \/>\t\t\t\t\t\t\t\t<\/a>\n\t\t\t\t\t\t\t\t\t\t\t\t\t\t\t<\/div>\n\t\t\t\t<\/div>\n\t\t<div class=\"elementor-element elementor-element-049e046 e-con-full e-flex e-con e-child\" data-id=\"049e046\" data-element_type=\"container\" data-e-type=\"container\">\n\t\t\t\t<div class=\"elementor-element elementor-element-15a22bf elementor-widget elementor-widget-heading\" data-id=\"15a22bf\" data-element_type=\"widget\" data-e-type=\"widget\" data-widget_type=\"heading.default\">\n\t\t\t\t\t<h2 class=\"elementor-heading-title elementor-size-default\">Un\u2019esperienza da vivere anche online<\/h2>\t\t\t\t<\/div>\n\t\t\t\t<\/div>\n\t\t\t\t<\/div>\n\t\t<div class=\"elementor-element elementor-element-871408f e-con-full e-flex e-con e-child\" data-id=\"871408f\" data-element_type=\"container\" data-e-type=\"container\" data-settings=\"{&quot;position&quot;:&quot;absolute&quot;}\">\n\t\t\t\t<div class=\"elementor-element elementor-element-95d5d9c elementor-widget elementor-widget-html\" data-id=\"95d5d9c\" data-element_type=\"widget\" data-e-type=\"widget\" data-widget_type=\"html.default\">\n\t\t\t\t\t<a class=\"glass-lang-toggle\"\n   href=\"#\"\n   data-icon-it=\"https:\/\/mcidemo.it\/piw\/wp-content\/uploads\/2026\/02\/it_flag.png\"\n   data-icon-en=\"https:\/\/mcidemo.it\/piw\/wp-content\/uploads\/2026\/02\/uk_flag.png\"\n   aria-label=\"Switch language\">\n\n  <img decoding=\"async\" class=\"glass-lang-toggle__icon\"\n       src=\"https:\/\/mcidemo.it\/piw\/wp-content\/uploads\/2026\/02\/uk_flag.png\"\n       alt=\"\" \/>\n\n  <span class=\"glass-lang-toggle__label\">Passa a Italiano<\/span>\n<\/a>\t\t\t\t<\/div>\n\t\t\t\t<div class=\"elementor-element elementor-element-edb9f1d elementor-widget elementor-widget-html\" data-id=\"edb9f1d\" data-element_type=\"widget\" data-e-type=\"widget\" data-widget_type=\"html.default\">\n\t\t\t\t\t<script>\n(function () {\n  const ORIGIN  = window.location.origin;\n  const BASE_IT = '\/piw';\n  const BASE_EN = '\/piw\/en';\n\n  const htmlLang = (document.documentElement.getAttribute('lang') || '').toLowerCase();\n  const lang = htmlLang.startsWith('en') ? 'en' : 'it';\n\n  const toggle = document.querySelector('.glass-lang-toggle');\n  if (!toggle) return;\n\n  const target = (lang === 'en') ? 'it' : 'en';\n\n  \/\/ HREF: prova WPML hreflang\n  const alt = document.querySelector(`link[rel=\"alternate\"][hreflang^=\"${target}\"]`);\n  let href = alt ? (alt.getAttribute('href') || '') : '';\n\n  \/\/ fallback: swap base path\n  if (!href) {\n    const p = window.location.pathname;\n    if (target === 'en') {\n      href = ORIGIN + (p.startsWith(BASE_EN) ? p : p.replace(BASE_IT, BASE_EN));\n    } else {\n      href = ORIGIN + (p.startsWith(BASE_IT) ? p : p.replace(BASE_EN, BASE_IT));\n    }\n  }\n  toggle.href = href;\n\n  \/\/ ICONA: mostra bandiera del target\n  const icon = toggle.querySelector('.glass-lang-toggle__icon');\n  if (icon) {\n    const src = toggle.getAttribute(target === 'en' ? 'data-icon-en' : 'data-icon-it');\n    if (src) icon.src = src;\n  }\n\n  \/\/ LABEL: testo del target\n  const text = (target === 'en') ? 'Switch to English' : 'Passa a Italiano';\n\n  const label = toggle.querySelector('.glass-lang-toggle__label');\n  if (label) label.textContent = text;\n\n  toggle.setAttribute('aria-label', text);\n})();\n<\/script>\t\t\t\t<\/div>\n\t\t\t\t<\/div>\n\t\t\t\t<\/div>\n\t\t\t\t<\/div>\n\t\t\t\t\t<\/div>\n\t\t\t\t<\/div>\n\t\t<div class=\"elementor-element elementor-element-b5ff817 e-flex e-con-boxed e-con e-parent\" data-id=\"b5ff817\" data-element_type=\"container\" data-e-type=\"container\">\n\t\t\t\t\t<div class=\"e-con-inner\">\n\t\t\t\t<div class=\"elementor-element elementor-element-5dc57fd elementor-widget elementor-widget-heading\" data-id=\"5dc57fd\" data-element_type=\"widget\" data-e-type=\"widget\" data-widget_type=\"heading.default\">\n\t\t\t\t\t<h3 class=\"elementor-heading-title elementor-size-default\">Pavia Innovation Week | Live Streaming<\/h3>\t\t\t\t<\/div>\n\t\t\t\t<div class=\"elementor-element elementor-element-8b99659 elementor-widget__width-initial elementor-widget-mobile__width-inherit elementor-widget elementor-widget-text-editor\" data-id=\"8b99659\" data-element_type=\"widget\" data-e-type=\"widget\" data-widget_type=\"text-editor.default\">\n\t\t\t\t\t\t\t\t\t<p>Pavia Innovation Week \u00e8 un\u2019esperienza che si pu\u00f2 vivere anche online. In questa sezione \u00e8 possibile seguire le dirette streaming degli eventi in programma e rivedere i contenuti pubblicati sul canale YouTube ufficiale del festival.<\/p><p>Un modo per partecipare alle conversazioni, ascoltare voci autorevoli e restare connessi ai temi dell\u2019innovazione, anche a distanza. Perch\u00e9 il dialogo sul futuro non ha confini, n\u00e9 geografici n\u00e9 temporali.<\/p>\t\t\t\t\t\t\t\t<\/div>\n\t\t<div class=\"elementor-element elementor-element-3b22aea e-con-full e-flex e-con e-child\" data-id=\"3b22aea\" data-element_type=\"container\" data-e-type=\"container\">\n\t\t\t\t<div class=\"elementor-element elementor-element-217909e elementor-widget elementor-widget-image\" data-id=\"217909e\" data-element_type=\"widget\" data-e-type=\"widget\" data-widget_type=\"image.default\">\n\t\t\t\t\t\t\t\t\t\t\t\t\t\t\t<img decoding=\"async\" width=\"800\" height=\"450\" src=\"https:\/\/mcidemo.it\/piw\/wp-content\/uploads\/2026\/02\/PIW-Pavia-Skyline-per-Blocco-Nero-NEW-1024x576-1.jpg\" class=\"attachment-large size-large wp-image-1737\" alt=\"\" srcset=\"https:\/\/mcidemo.it\/piw\/wp-content\/uploads\/2026\/02\/PIW-Pavia-Skyline-per-Blocco-Nero-NEW-1024x576-1.jpg 1024w, https:\/\/mcidemo.it\/piw\/wp-content\/uploads\/2026\/02\/PIW-Pavia-Skyline-per-Blocco-Nero-NEW-1024x576-1-300x169.jpg 300w, https:\/\/mcidemo.it\/piw\/wp-content\/uploads\/2026\/02\/PIW-Pavia-Skyline-per-Blocco-Nero-NEW-1024x576-1-768x432.jpg 768w\" sizes=\"(max-width: 800px) 100vw, 800px\" \/>\t\t\t\t\t\t\t\t\t\t\t\t\t\t\t<\/div>\n\t\t\t\t<div class=\"elementor-element elementor-element-206025a elementor-widget elementor-widget-heading\" data-id=\"206025a\" data-element_type=\"widget\" data-e-type=\"widget\" data-widget_type=\"heading.default\">\n\t\t\t\t\t<h5 class=\"elementor-heading-title elementor-size-default\">Al momento non ci sono live streaming da mostrare.<\/h5>\t\t\t\t<\/div>\n\t\t\t\t<\/div>\n\t\t\t\t<div class=\"elementor-element elementor-element-764b45a elementor-widget__width-inherit elementor-hidden-desktop elementor-hidden-tablet elementor-hidden-mobile elementor-widget elementor-widget-html\" data-id=\"764b45a\" data-element_type=\"widget\" data-e-type=\"widget\" data-widget_type=\"html.default\">\n\t\t\t\t\t<style>\n  .video-full {\n    width: 100%;\n    height: 100vh; \/* desktop *\/\n    border: 0;\n    display: block;\n  }\n\n  \/* Mobile *\/\n  @media (max-width: 767px) {\n    .video-full {\n      height: 250px;\n    }\n  }\n<\/style>\n\n<iframe\n  class=\"video-full\"\n  src=\"https:\/\/www.corriere.it\/video\/embed\/pavia-innovation-week.shtml\"\n  frameborder=\"0\"\n  scrolling=\"no\"\n  allowfullscreen>\n<\/iframe>\n\t\t\t\t<\/div>\n\t\t\t\t\t<\/div>\n\t\t\t\t<\/div>\n\t\t<div class=\"elementor-element elementor-element-08921c6 e-flex e-con-boxed e-con e-parent\" data-id=\"08921c6\" data-element_type=\"container\" data-e-type=\"container\" data-settings=\"{&quot;background_background&quot;:&quot;classic&quot;}\">\n\t\t\t\t\t<div class=\"e-con-inner\">\n\t\t\t\t<div class=\"elementor-element elementor-element-662ea1c elementor-widget elementor-widget-heading\" data-id=\"662ea1c\" data-element_type=\"widget\" data-e-type=\"widget\" data-widget_type=\"heading.default\">\n\t\t\t\t\t<h2 class=\"elementor-heading-title elementor-size-default\">I video della Pavia Innovation Week<\/h2>\t\t\t\t<\/div>\n\t\t\t\t<div class=\"elementor-element elementor-element-f3d3d9a elementor-widget elementor-widget-heading\" data-id=\"f3d3d9a\" data-element_type=\"widget\" data-e-type=\"widget\" data-widget_type=\"heading.default\">\n\t\t\t\t\t<h4 class=\"elementor-heading-title elementor-size-default\">Rivedi gli incontri, ascolta le voci, approfondisci i temi<\/h4>\t\t\t\t<\/div>\n\t\t\t\t<div class=\"elementor-element elementor-element-6a40036 elementor-widget__width-initial elementor-widget-mobile__width-inherit elementor-widget elementor-widget-text-editor\" data-id=\"6a40036\" data-element_type=\"widget\" data-e-type=\"widget\" data-widget_type=\"text-editor.default\">\n\t\t\t\t\t\t\t\t\t<p>In questa sezione sono raccolti tutti i video pubblicati sul canale YouTube della Pavia Innovation Week. Interventi, conversazioni, spettacoli e momenti di approfondimento che restano disponibili anche dopo la diretta, per continuare a esplorare i temi del festival con i tuoi tempi.<\/p><p>Un archivio aperto di contenuti per chi vuole rivedere un evento, recuperare ci\u00f2 che non ha potuto seguire dal vivo o approfondire le idee che hanno animato la settimana dell\u2019innovazione.<\/p>\t\t\t\t\t\t\t\t<\/div>\n\t\t\t\t<div class=\"elementor-element elementor-element-cc1b172 elementor-widget elementor-widget-shortcode\" data-id=\"cc1b172\" data-element_type=\"widget\" data-e-type=\"widget\" data-widget_type=\"shortcode.default\">\n\t\t\t\t\t\t\t<div class=\"elementor-shortcode\">    <div class=\"piw-yt-grid\" role=\"list\" aria-label=\"Video YouTube\">\n                    <a class=\"piw-yt-card js-piw-yt-open\"\n               href=\"#\"\n               data-video-id=\"vKvcCHKCxEQ\"\n               aria-label=\"Pavia Innovation Week EXTRA: Fausto Merlino\">\n              <div class=\"piw-yt-thumb\">\n                <img decoding=\"async\" src=\"https:\/\/i.ytimg.com\/vi\/vKvcCHKCxEQ\/hqdefault.jpg\"\n                     alt=\"Pavia Innovation Week EXTRA: Fausto Merlino\" loading=\"lazy\">\n              <\/div>\n            \n              <div class=\"piw-yt-meta\">\n                <div class=\"piw-yt-title\">Pavia Innovation Week EXTRA: Fausto Merlino<\/div>\n            \n                                  <div class=\"piw-yt-desc\">Parla Fausto Merlino, Partner di Daat Consulting e fondatore di FM Solutions<\/div>\n                            \n                <div class=\"piw-yt-cta\">\n                  <span class=\"piw-yt-btn\">Guarda ora<\/span>\n                <\/div>\n              <\/div>\n            <\/a>\n                    <a class=\"piw-yt-card js-piw-yt-open\"\n               href=\"#\"\n               data-video-id=\"6n-jGcfJFDQ\"\n               aria-label=\"Pavia Innovation Week: Valentina Sumini\">\n              <div class=\"piw-yt-thumb\">\n                <img decoding=\"async\" src=\"https:\/\/i.ytimg.com\/vi\/6n-jGcfJFDQ\/hqdefault.jpg\"\n                     alt=\"Pavia Innovation Week: Valentina Sumini\" loading=\"lazy\">\n              <\/div>\n            \n              <div class=\"piw-yt-meta\">\n                <div class=\"piw-yt-title\">Pavia Innovation Week: Valentina Sumini<\/div>\n            \n                                  <div class=\"piw-yt-desc\">La parola a Valentina Sumini, architetta dello spazio e ricercatrice MIT di Boston<\/div>\n                            \n                <div class=\"piw-yt-cta\">\n                  <span class=\"piw-yt-btn\">Guarda ora<\/span>\n                <\/div>\n              <\/div>\n            <\/a>\n                    <a class=\"piw-yt-card js-piw-yt-open\"\n               href=\"#\"\n               data-video-id=\"Bvl3fncdMUI\"\n               aria-label=\"Pavia Innovation Week: Paolo Nespoli\">\n              <div class=\"piw-yt-thumb\">\n                <img decoding=\"async\" src=\"https:\/\/i.ytimg.com\/vi\/Bvl3fncdMUI\/hqdefault.jpg\"\n                     alt=\"Pavia Innovation Week: Paolo Nespoli\" loading=\"lazy\">\n              <\/div>\n            \n              <div class=\"piw-yt-meta\">\n                <div class=\"piw-yt-title\">Pavia Innovation Week: Paolo Nespoli<\/div>\n            \n                                  <div class=\"piw-yt-desc\">Le parole di Paolo Nespoli, astronauta, Agenzia Spaziale Europea e ingegnere, durante la Pavia Innovation Week<\/div>\n                            \n                <div class=\"piw-yt-cta\">\n                  <span class=\"piw-yt-btn\">Guarda ora<\/span>\n                <\/div>\n              <\/div>\n            <\/a>\n                    <a class=\"piw-yt-card js-piw-yt-open\"\n               href=\"#\"\n               data-video-id=\"KxbJFxrSRic\"\n               aria-label=\"Pavia Innovation Week: Christian Greco\">\n              <div class=\"piw-yt-thumb\">\n                <img decoding=\"async\" src=\"https:\/\/i.ytimg.com\/vi\/KxbJFxrSRic\/hqdefault.jpg\"\n                     alt=\"Pavia Innovation Week: Christian Greco\" loading=\"lazy\">\n              <\/div>\n            \n              <div class=\"piw-yt-meta\">\n                <div class=\"piw-yt-title\">Pavia Innovation Week: Christian Greco<\/div>\n            \n                                  <div class=\"piw-yt-desc\">La parola a Christian Greco, egittologo direttore Museo Egizio di Torino<\/div>\n                            \n                <div class=\"piw-yt-cta\">\n                  <span class=\"piw-yt-btn\">Guarda ora<\/span>\n                <\/div>\n              <\/div>\n            <\/a>\n                    <a class=\"piw-yt-card js-piw-yt-open\"\n               href=\"#\"\n               data-video-id=\"8b3pFfA-6FY\"\n               aria-label=\"Pavia Innovation Week: Carmela Calabrese\">\n              <div class=\"piw-yt-thumb\">\n                <img decoding=\"async\" src=\"https:\/\/i.ytimg.com\/vi\/8b3pFfA-6FY\/hqdefault.jpg\"\n                     alt=\"Pavia Innovation Week: Carmela Calabrese\" loading=\"lazy\">\n              <\/div>\n            \n              <div class=\"piw-yt-meta\">\n                <div class=\"piw-yt-title\">Pavia Innovation Week: Carmela Calabrese<\/div>\n            \n                                  <div class=\"piw-yt-desc\">La parola a Carmela Calabrese, Postdoctoral Researcher presso IIT- Istituto Italiano di Tecnologia<\/div>\n                            \n                <div class=\"piw-yt-cta\">\n                  <span class=\"piw-yt-btn\">Guarda ora<\/span>\n                <\/div>\n              <\/div>\n            <\/a>\n                    <a class=\"piw-yt-card js-piw-yt-open\"\n               href=\"#\"\n               data-video-id=\"2iAOWiaN7Ck\"\n               aria-label=\"Pavia Innovation Week: Massimiano Bucchi\">\n              <div class=\"piw-yt-thumb\">\n                <img decoding=\"async\" src=\"https:\/\/i.ytimg.com\/vi\/2iAOWiaN7Ck\/hqdefault.jpg\"\n                     alt=\"Pavia Innovation Week: Massimiano Bucchi\" loading=\"lazy\">\n              <\/div>\n            \n              <div class=\"piw-yt-meta\">\n                <div class=\"piw-yt-title\">Pavia Innovation Week: Massimiano Bucchi<\/div>\n            \n                                  <div class=\"piw-yt-desc\">La parola a Massimiano Bucchi, Sociologo e scrittore, professore di Scienza, Tecnologia e Societ\u00e0 all\u2019Universit\u00e0 di Trento<\/div>\n                            \n                <div class=\"piw-yt-cta\">\n                  <span class=\"piw-yt-btn\">Guarda ora<\/span>\n                <\/div>\n              <\/div>\n            <\/a>\n                    <a class=\"piw-yt-card js-piw-yt-open\"\n               href=\"#\"\n               data-video-id=\"dJipugI2Y3w\"\n               aria-label=\"Pavia Innovation Week: Giuseppe De Bellis\">\n              <div class=\"piw-yt-thumb\">\n                <img decoding=\"async\" src=\"https:\/\/i.ytimg.com\/vi\/dJipugI2Y3w\/hqdefault.jpg\"\n                     alt=\"Pavia Innovation Week: Giuseppe De Bellis\" loading=\"lazy\">\n              <\/div>\n            \n              <div class=\"piw-yt-meta\">\n                <div class=\"piw-yt-title\">Pavia Innovation Week: Giuseppe De Bellis<\/div>\n            \n                                  <div class=\"piw-yt-desc\">La parola a Giuseppe De Bellis, giornalista e vicepresidente Sky Italia<\/div>\n                            \n                <div class=\"piw-yt-cta\">\n                  <span class=\"piw-yt-btn\">Guarda ora<\/span>\n                <\/div>\n              <\/div>\n            <\/a>\n                    <a class=\"piw-yt-card js-piw-yt-open\"\n               href=\"#\"\n               data-video-id=\"VNEi8rV7e8k\"\n               aria-label=\"Pavia Innovation Week: Maria Chiara Carrozza\">\n              <div class=\"piw-yt-thumb\">\n                <img decoding=\"async\" src=\"https:\/\/i.ytimg.com\/vi\/VNEi8rV7e8k\/hqdefault.jpg\"\n                     alt=\"Pavia Innovation Week: Maria Chiara Carrozza\" loading=\"lazy\">\n              <\/div>\n            \n              <div class=\"piw-yt-meta\">\n                <div class=\"piw-yt-title\">Pavia Innovation Week: Maria Chiara Carrozza<\/div>\n            \n                                  <div class=\"piw-yt-desc\">La parola a Maria Chiara Carrozza, professoressa di Ingegneria biomedica e biorobotica Universit\u00e0 degli Studi Milano \u2013 Bicocca,\u2026<\/div>\n                            \n                <div class=\"piw-yt-cta\">\n                  <span class=\"piw-yt-btn\">Guarda ora<\/span>\n                <\/div>\n              <\/div>\n            <\/a>\n                    <a class=\"piw-yt-card js-piw-yt-open\"\n               href=\"#\"\n               data-video-id=\"h3V2gfco_Mg\"\n               aria-label=\"Pavia Innovation Week: Bill de Blasio\">\n              <div class=\"piw-yt-thumb\">\n                <img decoding=\"async\" src=\"https:\/\/i.ytimg.com\/vi\/h3V2gfco_Mg\/hqdefault.jpg\"\n                     alt=\"Pavia Innovation Week: Bill de Blasio\" loading=\"lazy\">\n              <\/div>\n            \n              <div class=\"piw-yt-meta\">\n                <div class=\"piw-yt-title\">Pavia Innovation Week: Bill de Blasio<\/div>\n            \n                                  <div class=\"piw-yt-desc\">La parola a Bill de Blasio, sindaco di New York dal 2014 al 2021<\/div>\n                            \n                <div class=\"piw-yt-cta\">\n                  <span class=\"piw-yt-btn\">Guarda ora<\/span>\n                <\/div>\n              <\/div>\n            <\/a>\n                    <a class=\"piw-yt-card js-piw-yt-open\"\n               href=\"#\"\n               data-video-id=\"IUmDzzgyRXo\"\n               aria-label=\"Pavia Innovation Week: Adrian Fartade\">\n              <div class=\"piw-yt-thumb\">\n                <img decoding=\"async\" src=\"https:\/\/i.ytimg.com\/vi\/IUmDzzgyRXo\/hqdefault.jpg\"\n                     alt=\"Pavia Innovation Week: Adrian Fartade\" loading=\"lazy\">\n              <\/div>\n            \n              <div class=\"piw-yt-meta\">\n                <div class=\"piw-yt-title\">Pavia Innovation Week: Adrian Fartade<\/div>\n            \n                                  <div class=\"piw-yt-desc\">La parola ad Adrian Fartade, divulgatore scientifico e youtuber<\/div>\n                            \n                <div class=\"piw-yt-cta\">\n                  <span class=\"piw-yt-btn\">Guarda ora<\/span>\n                <\/div>\n              <\/div>\n            <\/a>\n                    <a class=\"piw-yt-card js-piw-yt-open\"\n               href=\"#\"\n               data-video-id=\"9zmle_cMV80\"\n               aria-label=\"Mario Lloyd Virgilio Martina - Rettore IUSS Scuola Universitaria Superiore di Pavia\">\n              <div class=\"piw-yt-thumb\">\n                <img decoding=\"async\" src=\"https:\/\/i.ytimg.com\/vi\/9zmle_cMV80\/hqdefault.jpg\"\n                     alt=\"Mario Lloyd Virgilio Martina - Rettore IUSS Scuola Universitaria Superiore di Pavia\" loading=\"lazy\">\n              <\/div>\n            \n              <div class=\"piw-yt-meta\">\n                <div class=\"piw-yt-title\">Mario Lloyd Virgilio Martina - Rettore IUSS Scuola Universitaria Superiore di Pavia<\/div>\n            \n                                  <div class=\"piw-yt-desc\">Intervista con Mario Lloyd Virgilio Martina - Rettore IUSS di Pavia, nell&#039;ambito della Pavia Innovation Week EXTRA.<\/div>\n                            \n                <div class=\"piw-yt-cta\">\n                  <span class=\"piw-yt-btn\">Guarda ora<\/span>\n                <\/div>\n              <\/div>\n            <\/a>\n                    <a class=\"piw-yt-card js-piw-yt-open\"\n               href=\"#\"\n               data-video-id=\"LMrsed-UDzw\"\n               aria-label=\"Opening Pavia Innovation Week\">\n              <div class=\"piw-yt-thumb\">\n                <img decoding=\"async\" src=\"https:\/\/i.ytimg.com\/vi\/LMrsed-UDzw\/hqdefault.jpg\"\n                     alt=\"Opening Pavia Innovation Week\" loading=\"lazy\">\n              <\/div>\n            \n              <div class=\"piw-yt-meta\">\n                <div class=\"piw-yt-title\">Opening Pavia Innovation Week<\/div>\n            \n                                  <div class=\"piw-yt-desc\">Scienza e Musica, il dialogo tra due linguaggi universali: la Signature Talk che ha aperto la prima edizione\u2026<\/div>\n                            \n                <div class=\"piw-yt-cta\">\n                  <span class=\"piw-yt-btn\">Guarda ora<\/span>\n                <\/div>\n              <\/div>\n            <\/a>\n            <\/div>\n    <\/div>\n\t\t\t\t\t\t<\/div>\n\t\t\t\t\t<\/div>\n\t\t\t\t<\/div>\n\t\t\t\t<\/div>\n\t\t","protected":false},"excerpt":{"rendered":"<p>Un\u2019esperienza da vivere anche online Passa a Italiano Pavia Innovation Week | Live Streaming Pavia Innovation Week \u00e8 un\u2019esperienza che si pu\u00f2 vivere anche online. In questa sezione \u00e8 possibile seguire le dirette streaming degli eventi in programma e rivedere i contenuti pubblicati sul canale YouTube ufficiale del festival. Un modo per partecipare alle conversazioni, [&hellip;]<\/p>\n","protected":false},"author":1,"featured_media":0,"parent":0,"menu_order":0,"comment_status":"closed","ping_status":"closed","template":"","meta":{"_acf_changed":false,"footnotes":""},"class_list":["post-1452","page","type-page","status-publish","hentry"],"acf":[],"_links":{"self":[{"href":"https:\/\/mcidemo.it\/piw\/wp-json\/wp\/v2\/pages\/1452","targetHints":{"allow":["GET"]}}],"collection":[{"href":"https:\/\/mcidemo.it\/piw\/wp-json\/wp\/v2\/pages"}],"about":[{"href":"https:\/\/mcidemo.it\/piw\/wp-json\/wp\/v2\/types\/page"}],"author":[{"embeddable":true,"href":"https:\/\/mcidemo.it\/piw\/wp-json\/wp\/v2\/users\/1"}],"replies":[{"embeddable":true,"href":"https:\/\/mcidemo.it\/piw\/wp-json\/wp\/v2\/comments?post=1452"}],"version-history":[{"count":118,"href":"https:\/\/mcidemo.it\/piw\/wp-json\/wp\/v2\/pages\/1452\/revisions"}],"predecessor-version":[{"id":2830,"href":"https:\/\/mcidemo.it\/piw\/wp-json\/wp\/v2\/pages\/1452\/revisions\/2830"}],"wp:attachment":[{"href":"https:\/\/mcidemo.it\/piw\/wp-json\/wp\/v2\/media?parent=1452"}],"curies":[{"name":"wp","href":"https:\/\/api.w.org\/{rel}","templated":true}]}}