{"id":106935,"date":"2015-05-28T11:30:14","date_gmt":"2015-05-28T09:30:14","guid":{"rendered":"https:\/\/mcidemo.it\/pellegatta\/classic-business\/"},"modified":"2023-01-13T09:01:24","modified_gmt":"2023-01-13T08:01:24","slug":"classic-business","status":"publish","type":"page","link":"https:\/\/mcidemo.it\/pellegatta\/de\/","title":{"rendered":"Homepage"},"content":{"rendered":"<div class=\"wpb-content-wrapper\"><p>[vc_row row_height_percent=&#8220;100&#8243; override_padding=&#8220;yes&#8220; h_padding=&#8220;2&#8243; top_padding=&#8220;5&#8243; bottom_padding=&#8220;5&#8243; back_color=&#8220;color-nhtu&#8220; back_image=&#8220;103286&#8243; back_position=&#8220;right center&#8220; parallax=&#8220;yes&#8220; kburns=&#8220;magnetic&#8220; overlay_color=&#8220;color-jevc&#8220; overlay_alpha=&#8220;0&#8243; gutter_size=&#8220;3&#8243; column_width_percent=&#8220;100&#8243; shift_y=&#8220;0&#8243; z_index=&#8220;0&#8243; top_divider=&#8220;gradient&#8220; bottom_divider=&#8220;gradient&#8220; front_end_with_slider=&#8220;true&#8220; uncode_shortcode_id=&#8220;571982&#8243; back_color_type=&#8220;uncode-palette&#8220; overlay_color_type=&#8220;uncode-palette&#8220;][vc_column column_width_percent=&#8220;100&#8243; gutter_size=&#8220;3&#8243; overlay_alpha=&#8220;50&#8243; shift_x=&#8220;0&#8243; shift_y=&#8220;0&#8243; shift_y_down=&#8220;0&#8243; z_index=&#8220;0&#8243; medium_width=&#8220;0&#8243; mobile_width=&#8220;0&#8243; zoom_width=&#8220;0&#8243; zoom_height=&#8220;0&#8243; width=&#8220;1\/1&#8243;][uncode_slider slider_type=&#8220;fade&#8220; slider_interval=&#8220;5000&#8243; slider_navspeed=&#8220;400&#8243; slider_loop=&#8220;yes&#8220; slider_hide_arrows=&#8220;yes&#8220; slider_dots_space=&#8220;yes&#8220;][vc_row_inner row_inner_height_percent=&#8220;0&#8243; overlay_alpha=&#8220;50&#8243; gutter_size=&#8220;3&#8243; shift_y=&#8220;0&#8243; z_index=&#8220;0&#8243; limit_content=&#8220;yes&#8220; front_end_with_slider=&#8220;true&#8220;][vc_column_inner column_width_percent=&#8220;70&#8243; position_vertical=&#8220;middle&#8220; align_horizontal=&#8220;align_center&#8220; gutter_size=&#8220;2&#8243; style=&#8220;dark&#8220; overlay_alpha=&#8220;50&#8243; shift_x=&#8220;0&#8243; shift_y=&#8220;0&#8243; shift_y_down=&#8220;0&#8243; z_index=&#8220;0&#8243; medium_width=&#8220;0&#8243; mobile_width=&#8220;0&#8243; css_animation=&#8220;alpha-anim&#8220; animation_speed=&#8220;800&#8243; animation_delay=&#8220;200&#8243; zoom_width=&#8220;0&#8243; zoom_height=&#8220;0&#8243; width=&#8220;1\/2&#8243; uncode_shortcode_id=&#8220;147508&#8243;][vc_custom_heading text_color=&#8220;color-xsdn&#8220; text_font=&#8220;font-136269&#8243; text_size=&#8220;bigtext&#8220; uncode_shortcode_id=&#8220;187833&#8243; text_color_type=&#8220;uncode-palette&#8220;]IHRE WELT<br \/>\nMIT IHNEN WACHSEN[\/vc_custom_heading][vc_empty_space empty_h=&#8220;2&#8243;][vc_button size=&#8220;btn-lg&#8220; text_skin=&#8220;yes&#8220; custom_typo=&#8220;yes&#8220; font_family=&#8220;font-613363&#8243; font_weight=&#8220;600&#8243; border_width=&#8220;0&#8243; button_color_type=&#8220;uncode-solid&#8220; uncode_shortcode_id=&#8220;566473&#8243; button_color_solid=&#8220;#e30613&#8243; link=&#8220;url:https%3A%2F%2Fmcidemo.it%2Fpellegatta%2Fde%2Fprodotti%2F|title:Prodotti|&#8220;]Mehr erfahren[\/vc_button][\/vc_column_inner][vc_column_inner width=&#8220;1\/2&#8243;][\/vc_column_inner][\/vc_row_inner][\/uncode_slider][\/vc_column][\/vc_row][vc_row unlock_row_content=&#8220;yes&#8220; row_height_percent=&#8220;0&#8243; override_padding=&#8220;yes&#8220; h_padding=&#8220;5&#8243; top_padding=&#8220;5&#8243; bottom_padding=&#8220;5&#8243; back_color=&#8220;color-xsdn&#8220; overlay_alpha=&#8220;50&#8243; equal_height=&#8220;yes&#8220; gutter_size=&#8220;4&#8243; column_width_percent=&#8220;100&#8243; shift_y=&#8220;0&#8243; z_index=&#8220;0&#8243; inverted_device_order=&#8220;yes&#8220; uncode_shortcode_id=&#8220;351180&#8243; back_color_type=&#8220;uncode-palette&#8220;][vc_column column_width_use_pixel=&#8220;yes&#8220; position_horizontal=&#8220;right&#8220; position_vertical=&#8220;middle&#8220; gutter_size=&#8220;2&#8243; override_padding=&#8220;yes&#8220; column_padding=&#8220;0&#8243; font_family=&#8220;font-613363&#8243; overlay_alpha=&#8220;50&#8243; shift_x=&#8220;0&#8243; shift_y=&#8220;0&#8243; shift_y_down=&#8220;0&#8243; z_index=&#8220;2&#8243; medium_width=&#8220;0&#8243; mobile_width=&#8220;0&#8243; css_animation=&#8220;alpha-anim&#8220; animation_speed=&#8220;1000&#8243; animation_delay=&#8220;200&#8243; width=&#8220;1\/2&#8243; uncode_shortcode_id=&#8220;720121&#8243; column_width_pixel=&#8220;622&#8243;][vc_custom_heading text_color=&#8220;accent&#8220; heading_semantic=&#8220;h5&#8243; text_font=&#8220;font-613363&#8243; text_size=&#8220;fontsize-160000&#8243; text_transform=&#8220;uppercase&#8220; text_space=&#8220;fontspace-135905&#8243; uncode_shortcode_id=&#8220;194980&#8243; text_color_type=&#8220;uncode-palette&#8220;]WER WIR SIND[\/vc_custom_heading][vc_custom_heading text_font=&#8220;font-165032&#8243; text_size=&#8220;fontsize-155944&#8243; uncode_shortcode_id=&#8220;204386&#8243;]Der Pellegatta-Stil[\/vc_custom_heading][vc_column_text uncode_shortcode_id=&#8220;164119&#8243;]Seit der Gr\u00fcndung, die auf die Ausrufung des K\u00f6nigreichs in Italien zur\u00fcckgeht, haben wir den VENEZIANISCHEN Stil in verschiedenen Umgebungen mit der Qualit\u00e4t, Sch\u00f6nheit und den besten uns auszeichnden Materialien und Marken bis heute in die Gegenwart gebracht.<\/p>\n<p>Unsere kompromisslose Leidenschaft wird seit Generationen weitergegeben und garantiert heute L\u00f6sungen in absoluter Qualit\u00e4t und zuverl\u00e4ssige Dienstleistungen auf einem h\u00f6hen Niveau&#8220;.[\/vc_column_text][vc_empty_space][vc_button button_color=&#8220;accent&#8220; size=&#8220;btn-lg&#8220; text_skin=&#8220;yes&#8220; custom_typo=&#8220;yes&#8220; font_family=&#8220;font-613363&#8243; font_weight=&#8220;600&#8243; border_width=&#8220;0&#8243; link=&#8220;url:https%3A%2F%2Fmcidemo.it%2Fpellegatta%2Fde%2Fstile%2F|&#8220; button_color_type=&#8220;uncode-palette&#8220; uncode_shortcode_id=&#8220;785742&#8243;]Mehr erfahren[\/vc_button][\/vc_column][vc_column column_width_percent=&#8220;100&#8243; position_vertical=&#8220;middle&#8220; align_horizontal=&#8220;align_center&#8220; gutter_size=&#8220;6&#8243; back_image=&#8220;102949&#8243; overlay_alpha=&#8220;50&#8243; shift_x=&#8220;0&#8243; shift_y=&#8220;0&#8243; shift_y_down=&#8220;0&#8243; z_index=&#8220;0&#8243; medium_width=&#8220;0&#8243; mobile_width=&#8220;0&#8243; css_animation=&#8220;right-t-left&#8220; animation_speed=&#8220;1000&#8243; width=&#8220;1\/2&#8243; uncode_shortcode_id=&#8220;533145&#8243;][vc_icon position=&#8220;right&#8220; display=&#8220;absolute-center&#8220; icon=&#8220;fa fa-play&#8220; icon_color=&#8220;accent&#8220; background_style=&#8220;fa-rounded&#8220; size=&#8220;fa-3x&#8220; icon_automatic=&#8220;yes&#8220; css_animation=&#8220;zoom-out&#8220; animation_speed=&#8220;1000&#8243; uncode_shortcode_id=&#8220;195673&#8243; link=&#8220;url:https%3A%2F%2Fmcidemo.it%2Fpellegatta%2Fwp-content%2Fuploads%2F2023%2F01%2FPellegatta-inglese-NAVY-marchio-ita-1.mp4|target:_blank&#8220; icon_color_type=&#8220;uncode-palette&#8220;][\/vc_icon][\/vc_column][\/vc_row][vc_row unlock_row_content=&#8220;yes&#8220; row_height_percent=&#8220;0&#8243; override_padding=&#8220;yes&#8220; h_padding=&#8220;5&#8243; top_padding=&#8220;2&#8243; bottom_padding=&#8220;0&#8243; back_color=&#8220;color-lxmt&#8220; overlay_alpha=&#8220;50&#8243; equal_height=&#8220;yes&#8220; gutter_size=&#8220;4&#8243; column_width_percent=&#8220;100&#8243; shift_y=&#8220;0&#8243; z_index=&#8220;0&#8243; uncode_shortcode_id=&#8220;993944&#8243; back_color_type=&#8220;uncode-palette&#8220;][vc_column column_width_percent=&#8220;100&#8243; align_horizontal=&#8220;align_center&#8220; gutter_size=&#8220;0&#8243; overlay_alpha=&#8220;50&#8243; shift_x=&#8220;0&#8243; shift_y=&#8220;0&#8243; shift_y_down=&#8220;0&#8243; z_index=&#8220;0&#8243; medium_width=&#8220;0&#8243; mobile_width=&#8220;0&#8243; css_animation=&#8220;left-t-right&#8220; animation_speed=&#8220;1000&#8243; width=&#8220;1\/3&#8243; uncode_shortcode_id=&#8220;943084&#8243;][vc_single_image media=&#8220;103288&#8243; media_width_percent=&#8220;100&#8243; uncode_shortcode_id=&#8220;184485&#8243; media_link=&#8220;url:https%3A%2F%2Fmcidemo.it%2Fpellegatta%2Fde%2Fcamerette-ragazze%2F&#8220;][vc_button size=&#8220;btn-xl&#8220; wide=&#8220;yes&#8220; text_skin=&#8220;yes&#8220; custom_typo=&#8220;yes&#8220; font_family=&#8220;font-175345&#8243; font_weight=&#8220;600&#8243; border_width=&#8220;0&#8243; button_color_type=&#8220;uncode-solid&#8220; button_color_solid=&#8220;#ddc4c3&#8243; uncode_shortcode_id=&#8220;212546&#8243; link=&#8220;url:https%3A%2F%2Fmcidemo.it%2Fpellegatta%2Fde%2Fcamerette-ragazze%2F|&#8220;]M\u00e4dchenzimmer[\/vc_button][\/vc_column][vc_column column_width_percent=&#8220;100&#8243; align_horizontal=&#8220;align_center&#8220; gutter_size=&#8220;0&#8243; font_family=&#8220;font-613363&#8243; overlay_alpha=&#8220;50&#8243; shift_x=&#8220;0&#8243; shift_y=&#8220;0&#8243; shift_y_down=&#8220;0&#8243; z_index=&#8220;2&#8243; medium_width=&#8220;0&#8243; mobile_width=&#8220;0&#8243; css_animation=&#8220;alpha-anim&#8220; animation_speed=&#8220;1000&#8243; animation_delay=&#8220;200&#8243; width=&#8220;1\/3&#8243; uncode_shortcode_id=&#8220;591766&#8243;][vc_single_image media=&#8220;103289&#8243; media_width_percent=&#8220;100&#8243; uncode_shortcode_id=&#8220;201401&#8243; media_link=&#8220;url:https%3A%2F%2Fmcidemo.it%2Fpellegatta%2Fde%2Fcamerette-ragazzi%2F&#8220;][vc_button size=&#8220;btn-xl&#8220; wide=&#8220;yes&#8220; text_skin=&#8220;yes&#8220; custom_typo=&#8220;yes&#8220; font_family=&#8220;font-175345&#8243; font_weight=&#8220;600&#8243; border_width=&#8220;0&#8243; button_color_type=&#8220;uncode-solid&#8220; button_color_solid=&#8220;#c7d0d3&#8243; uncode_shortcode_id=&#8220;116937&#8243; link=&#8220;url:https%3A%2F%2Fmcidemo.it%2Fpellegatta%2Fde%2Fcamerette-ragazzi%2F|&#8220;]Jungenzimmer[\/vc_button][\/vc_column][vc_column column_width_percent=&#8220;100&#8243; align_horizontal=&#8220;align_center&#8220; gutter_size=&#8220;0&#8243; overlay_alpha=&#8220;50&#8243; shift_x=&#8220;0&#8243; shift_y=&#8220;0&#8243; shift_y_down=&#8220;0&#8243; z_index=&#8220;0&#8243; medium_width=&#8220;0&#8243; mobile_width=&#8220;0&#8243; css_animation=&#8220;right-t-left&#8220; animation_speed=&#8220;1000&#8243; animation_delay=&#8220;400&#8243; width=&#8220;1\/3&#8243; uncode_shortcode_id=&#8220;885160&#8243;][vc_single_image media=&#8220;100936&#8243; media_width_percent=&#8220;100&#8243; uncode_shortcode_id=&#8220;562579&#8243; media_link=&#8220;url:https%3A%2F%2Fmcidemo.it%2Fpellegatta%2Fde%2Fmatrimoniali%2F&#8220;][vc_button size=&#8220;btn-xl&#8220; wide=&#8220;yes&#8220; text_skin=&#8220;yes&#8220; custom_typo=&#8220;yes&#8220; font_family=&#8220;font-175345&#8243; font_weight=&#8220;600&#8243; border_width=&#8220;0&#8243; button_color_type=&#8220;uncode-solid&#8220; button_color_solid=&#8220;#c8d9c4&#8243; uncode_shortcode_id=&#8220;491799&#8243; link=&#8220;url:https%3A%2F%2Fmcidemo.it%2Fpellegatta%2Fde%2Fmatrimoniali%2F|&#8220;]Hochzeiten[\/vc_button][\/vc_column][\/vc_row][vc_row unlock_row_content=&#8220;yes&#8220; row_height_percent=&#8220;0&#8243; override_padding=&#8220;yes&#8220; h_padding=&#8220;5&#8243; top_padding=&#8220;2&#8243; bottom_padding=&#8220;2&#8243; back_color=&#8220;color-lxmt&#8220; overlay_alpha=&#8220;50&#8243; equal_height=&#8220;yes&#8220; gutter_size=&#8220;4&#8243; column_width_percent=&#8220;100&#8243; shift_y=&#8220;0&#8243; z_index=&#8220;0&#8243; uncode_shortcode_id=&#8220;191342&#8243; back_color_type=&#8220;uncode-palette&#8220;][vc_column column_width_percent=&#8220;100&#8243; align_horizontal=&#8220;align_center&#8220; gutter_size=&#8220;0&#8243; overlay_alpha=&#8220;50&#8243; shift_x=&#8220;0&#8243; shift_y=&#8220;0&#8243; shift_y_down=&#8220;0&#8243; z_index=&#8220;0&#8243; medium_width=&#8220;0&#8243; mobile_width=&#8220;0&#8243; css_animation=&#8220;left-t-right&#8220; animation_speed=&#8220;1000&#8243; width=&#8220;1\/3&#8243; uncode_shortcode_id=&#8220;943084&#8243;][vc_single_image media=&#8220;103495&#8243; media_width_percent=&#8220;100&#8243; uncode_shortcode_id=&#8220;115064&#8243; media_link=&#8220;url:https%3A%2F%2Fmcidemo.it%2Fpellegatta%2Fde%2Farmadi-a-ponte%2F&#8220;][vc_button size=&#8220;btn-xl&#8220; wide=&#8220;yes&#8220; text_skin=&#8220;yes&#8220; custom_typo=&#8220;yes&#8220; font_family=&#8220;font-175345&#8243; font_weight=&#8220;600&#8243; border_width=&#8220;0&#8243; button_color_type=&#8220;uncode-solid&#8220; button_color_solid=&#8220;#e7d6be&#8220; uncode_shortcode_id=&#8220;374697&#8243; link=&#8220;url:https%3A%2F%2Fmcidemo.it%2Fpellegatta%2Fde%2Farmadi-a-ponte%2F|&#8220;]Br\u00fcckenschr\u00e4nke[\/vc_button][\/vc_column][vc_column column_width_percent=&#8220;100&#8243; align_horizontal=&#8220;align_center&#8220; gutter_size=&#8220;0&#8243; font_family=&#8220;font-613363&#8243; overlay_alpha=&#8220;50&#8243; shift_x=&#8220;0&#8243; shift_y=&#8220;0&#8243; shift_y_down=&#8220;0&#8243; z_index=&#8220;2&#8243; medium_width=&#8220;0&#8243; mobile_width=&#8220;0&#8243; css_animation=&#8220;alpha-anim&#8220; animation_speed=&#8220;1000&#8243; animation_delay=&#8220;200&#8243; width=&#8220;1\/3&#8243; uncode_shortcode_id=&#8220;591766&#8243;][vc_single_image media=&#8220;100939&#8243; media_width_percent=&#8220;100&#8243; uncode_shortcode_id=&#8220;151661&#8243; media_link=&#8220;url:https%3A%2F%2Fmcidemo.it%2Fpellegatta%2Fde%2Fidee-arredo%2F&#8220;][vc_button size=&#8220;btn-xl&#8220; wide=&#8220;yes&#8220; text_skin=&#8220;yes&#8220; custom_typo=&#8220;yes&#8220; font_family=&#8220;font-175345&#8243; font_weight=&#8220;600&#8243; border_width=&#8220;0&#8243; button_color_type=&#8220;uncode-solid&#8220; button_color_solid=&#8220;#d3cec3&#8243; uncode_shortcode_id=&#8220;178319&#8243; link=&#8220;url:https%3A%2F%2Fmcidemo.it%2Fpellegatta%2Fde%2Fidee-arredo%2F|&#8220;]Einrichtungsideen[\/vc_button][\/vc_column][vc_column column_width_percent=&#8220;100&#8243; align_horizontal=&#8220;align_center&#8220; gutter_size=&#8220;0&#8243; overlay_alpha=&#8220;50&#8243; shift_x=&#8220;0&#8243; shift_y=&#8220;0&#8243; shift_y_down=&#8220;0&#8243; z_index=&#8220;0&#8243; medium_width=&#8220;0&#8243; mobile_width=&#8220;0&#8243; css_animation=&#8220;right-t-left&#8220; animation_speed=&#8220;1000&#8243; animation_delay=&#8220;400&#8243; width=&#8220;1\/3&#8243; uncode_shortcode_id=&#8220;885160&#8243;][vc_single_image media=&#8220;100940&#8243; media_width_percent=&#8220;100&#8243; uncode_shortcode_id=&#8220;531097&#8243; media_link=&#8220;url:https%3A%2F%2Fmcidemo.it%2Fpellegatta%2Fde%2Fprogetti-su-misura%2F&#8220;][vc_button size=&#8220;btn-xl&#8220; wide=&#8220;yes&#8220; text_skin=&#8220;yes&#8220; custom_typo=&#8220;yes&#8220; font_family=&#8220;font-175345&#8243; font_weight=&#8220;600&#8243; border_width=&#8220;0&#8243; button_color_type=&#8220;uncode-solid&#8220; button_color_solid=&#8220;#d5c4d8&#8243; uncode_shortcode_id=&#8220;151978&#8243; link=&#8220;url:https%3A%2F%2Fmcidemo.it%2Fpellegatta%2Fde%2Fprogetti-su-misura%2F|&#8220;]Ma\u00dfgeschneiderte Projekte[\/vc_button][\/vc_column][\/vc_row][vc_row row_height_percent=&#8220;60&#8243; override_padding=&#8220;yes&#8220; h_padding=&#8220;2&#8243; top_padding=&#8220;6&#8243; bottom_padding=&#8220;6&#8243; back_color=&#8220;color-nhtu&#8220; back_image=&#8220;102949&#8243; back_position=&#8220;center center&#8220; kburns=&#8220;magnetic&#8220; overlay_color=&#8220;color-jevc&#8220; overlay_alpha=&#8220;9&#8243; gutter_size=&#8220;3&#8243; column_width_percent=&#8220;100&#8243; shift_y=&#8220;0&#8243; z_index=&#8220;0&#8243; desktop_visibility=&#8220;yes&#8220; medium_visibility=&#8220;yes&#8220; mobile_visibility=&#8220;yes&#8220; uncode_shortcode_id=&#8220;685213&#8243; back_color_type=&#8220;uncode-palette&#8220; overlay_color_type=&#8220;uncode-palette&#8220; row_height_pixel=&#8220;300&#8243;][vc_column column_width_use_pixel=&#8220;yes&#8220; position_vertical=&#8220;middle&#8220; align_horizontal=&#8220;align_center&#8220; gutter_size=&#8220;2&#8243; style=&#8220;dark&#8220; overlay_alpha=&#8220;50&#8243; shift_x=&#8220;0&#8243; shift_y=&#8220;0&#8243; shift_y_down=&#8220;0&#8243; z_index=&#8220;0&#8243; medium_width=&#8220;0&#8243; mobile_width=&#8220;0&#8243; width=&#8220;1\/1&#8243; column_width_pixel=&#8220;900&#8243; uncode_shortcode_id=&#8220;161055&#8243; mobile_height=&#8220;380&#8243;][vc_icon icon=&#8220;fa fa-play&#8220; background_style=&#8220;fa-rounded&#8220; size=&#8220;fa-3x&#8220; icon_automatic=&#8220;yes&#8220; css_animation=&#8220;zoom-out&#8220; animation_speed=&#8220;1000&#8243; uncode_shortcode_id=&#8220;179315&#8243; link=&#8220;url:https%3A%2F%2Fmcidemo.it%2Fpellegatta%2Fwp-content%2Fuploads%2F2021%2F12%2FPellagatta_mobili.mp4|target:_blank&#8220;][\/vc_icon][\/vc_column][\/vc_row][vc_row unlock_row_content=&#8220;yes&#8220; row_height_percent=&#8220;30&#8243; override_padding=&#8220;yes&#8220; h_padding=&#8220;2&#8243; top_padding=&#8220;2&#8243; bottom_padding=&#8220;2&#8243; overlay_alpha=&#8220;0&#8243; gutter_size=&#8220;3&#8243; column_width_percent=&#8220;100&#8243; shift_y=&#8220;0&#8243; z_index=&#8220;0&#8243; uncode_shortcode_id=&#8220;179099&#8243; row_height_pixel=&#8220;300&#8243;][vc_column column_width_use_pixel=&#8220;yes&#8220; position_horizontal=&#8220;left&#8220; position_vertical=&#8220;middle&#8220; gutter_size=&#8220;2&#8243; style=&#8220;dark&#8220; overlay_alpha=&#8220;50&#8243; shift_x=&#8220;0&#8243; shift_y=&#8220;0&#8243; shift_y_down=&#8220;0&#8243; z_index=&#8220;0&#8243; medium_width=&#8220;0&#8243; mobile_width=&#8220;0&#8243; width=&#8220;1\/1&#8243; column_width_pixel=&#8220;900&#8243; uncode_shortcode_id=&#8220;236799&#8243; mobile_height=&#8220;380&#8243;][vc_custom_heading text_color=&#8220;accent&#8220; heading_semantic=&#8220;h5&#8243; text_font=&#8220;font-613363&#8243; text_size=&#8220;fontsize-160000&#8243; text_transform=&#8220;uppercase&#8220; text_space=&#8220;fontspace-135905&#8243; uncode_shortcode_id=&#8220;109922&#8243; text_color_type=&#8220;uncode-palette&#8220;]News[\/vc_custom_heading][vc_custom_heading text_color=&#8220;color-jevc&#8220; heading_semantic=&#8220;h3&#8243; text_font=&#8220;font-165032&#8243; text_size=&#8220;fontsize-155944&#8243; uncode_shortcode_id=&#8220;167252&#8243; text_color_type=&#8220;uncode-palette&#8220;]Neuigkeiten aus der Pellegatta-Welt[\/vc_custom_heading][\/vc_column][\/vc_row][vc_row row_height_percent=&#8220;0&#8243; override_padding=&#8220;yes&#8220; h_padding=&#8220;2&#8243; top_padding=&#8220;0&#8243; bottom_padding=&#8220;5&#8243; overlay_alpha=&#8220;50&#8243; gutter_size=&#8220;3&#8243; column_width_percent=&#8220;100&#8243; shift_y=&#8220;0&#8243; z_index=&#8220;0&#8243; bottom_divider=&#8220;step&#8220; uncode_shortcode_id=&#8220;255493&#8243;][vc_column column_width_percent=&#8220;100&#8243; position_vertical=&#8220;middle&#8220; gutter_size=&#8220;4&#8243; font_family=&#8220;font-613363&#8243; overlay_alpha=&#8220;50&#8243; shift_x=&#8220;0&#8243; shift_y=&#8220;0&#8243; shift_y_down=&#8220;0&#8243; z_index=&#8220;0&#8243; medium_width=&#8220;0&#8243; mobile_width=&#8220;0&#8243; width=&#8220;1\/1&#8243; uncode_shortcode_id=&#8220;213255&#8243;][uncode_index el_id=&#8220;index-183931&#8243; index_type=&#8220;carousel&#8220; loop=&#8220;size:9|order_by:date|post_type:post|taxonomy_count:10&#8243; carousel_lg=&#8220;3&#8243; carousel_md=&#8220;3&#8243; carousel_sm=&#8220;1&#8243; thumb_size=&#8220;four-three&#8220; gutter_size=&#8220;4&#8243; post_items=&#8220;media|featured|onpost|poster,date,title,text|excerpt|120&#8243; portfolio_items=&#8220;media|featured|onpost|poster,title,text|excerpt|60,icon|sm&#8220; carousel_interval=&#8220;0&#8243; carousel_navspeed=&#8220;400&#8243; carousel_loop=&#8220;yes&#8220; carousel_overflow=&#8220;yes&#8220; carousel_dots=&#8220;yes&#8220; carousel_dots_space=&#8220;yes&#8220; carousel_dots_mobile=&#8220;yes&#8220; carousel_dot_position=&#8220;left&#8220; carousel_width_percent=&#8220;100&#8243; carousel_half_opacity=&#8220;yes&#8220; carousel_pointer_events=&#8220;yes&#8220; stage_padding=&#8220;0&#8243; single_shape=&#8220;round&#8220; radius=&#8220;xs&#8220; single_overlay_color=&#8220;color-wayh&#8220; single_overlay_opacity=&#8220;50&#8243; single_overlay_anim=&#8220;no&#8220; single_h_align_mobile=&#8220;left&#8220; single_padding=&#8220;2&#8243; single_title_family=&#8220;font-165032&#8243; single_title_dimension=&#8220;h3&#8243; single_title_weight=&#8220;700&#8243; single_meta_custom_typo=&#8220;yes&#8220; single_meta_size=&#8220;default&#8220; single_border=&#8220;yes&#8220; single_css_animation=&#8220;bottom-t-top&#8220; single_animation_delay=&#8220;200&#8243; single_animation_first=&#8220;yes&#8220; custom_cursor=&#8220;accent&#8220; single_icon=&#8220;fa fa-plus2&#8243; uncode_shortcode_id=&#8220;125955&#8243;][\/vc_column][\/vc_row]<\/p>\n<\/div>","protected":false},"excerpt":{"rendered":"<p>[vc_row row_height_percent=&#8220;100&#8243; override_padding=&#8220;yes&#8220; h_padding=&#8220;2&#8243; top_padding=&#8220;5&#8243; bottom_padding=&#8220;5&#8243; back_color=&#8220;color-nhtu&#8220; back_image=&#8220;103286&#8243; back_position=&#8220;right center&#8220; parallax=&#8220;yes&#8220; kburns=&#8220;magnetic&#8220; overlay_color=&#8220;color-jevc&#8220; overlay_alpha=&#8220;0&#8243; gutter_size=&#8220;3&#8243; column_width_percent=&#8220;100&#8243; shift_y=&#8220;0&#8243; z_index=&#8220;0&#8243; top_divider=&#8220;gradient&#8220; bottom_divider=&#8220;gradient&#8220; [&hellip;]<\/p>\n","protected":false},"author":4,"featured_media":106936,"parent":0,"menu_order":0,"comment_status":"open","ping_status":"closed","template":"","meta":{"footnotes":""},"class_list":["post-106935","page","type-page","status-publish","has-post-thumbnail","hentry","page_category-classic-de"],"_links":{"self":[{"href":"https:\/\/mcidemo.it\/pellegatta\/de\/wp-json\/wp\/v2\/pages\/106935","targetHints":{"allow":["GET"]}}],"collection":[{"href":"https:\/\/mcidemo.it\/pellegatta\/de\/wp-json\/wp\/v2\/pages"}],"about":[{"href":"https:\/\/mcidemo.it\/pellegatta\/de\/wp-json\/wp\/v2\/types\/page"}],"author":[{"embeddable":true,"href":"https:\/\/mcidemo.it\/pellegatta\/de\/wp-json\/wp\/v2\/users\/4"}],"replies":[{"embeddable":true,"href":"https:\/\/mcidemo.it\/pellegatta\/de\/wp-json\/wp\/v2\/comments?post=106935"}],"version-history":[{"count":21,"href":"https:\/\/mcidemo.it\/pellegatta\/de\/wp-json\/wp\/v2\/pages\/106935\/revisions"}],"predecessor-version":[{"id":108560,"href":"https:\/\/mcidemo.it\/pellegatta\/de\/wp-json\/wp\/v2\/pages\/106935\/revisions\/108560"}],"wp:featuredmedia":[{"embeddable":true,"href":"https:\/\/mcidemo.it\/pellegatta\/de\/wp-json\/wp\/v2\/media\/106936"}],"wp:attachment":[{"href":"https:\/\/mcidemo.it\/pellegatta\/de\/wp-json\/wp\/v2\/media?parent=106935"}],"curies":[{"name":"wp","href":"https:\/\/api.w.org\/{rel}","templated":true}]}}