{"id":8121,"date":"2025-07-23T11:25:36","date_gmt":"2025-07-23T09:25:36","guid":{"rendered":"https:\/\/mcidemo.it\/morgana\/?page_id=8121"},"modified":"2025-10-28T17:23:55","modified_gmt":"2025-10-28T16:23:55","slug":"camere","status":"publish","type":"page","link":"https:\/\/mcidemo.it\/morgana\/camere\/","title":{"rendered":"Camere"},"content":{"rendered":"\t\t<div data-elementor-type=\"wp-page\" data-elementor-id=\"8121\" class=\"elementor elementor-8121\" data-elementor-post-type=\"page\">\n\t\t\t\t<div class=\"elementor-element elementor-element-606085a e-con-full animated-slow e-flex elementor-invisible e-con e-parent\" data-id=\"606085a\" data-element_type=\"container\" data-e-type=\"container\" data-settings=\"{&quot;animation&quot;:&quot;fadeInLeft&quot;}\">\n\t\t<div class=\"elementor-element elementor-element-2572789 e-con-full e-flex e-con e-child\" data-id=\"2572789\" data-element_type=\"container\" data-e-type=\"container\" data-settings=\"{&quot;background_background&quot;:&quot;classic&quot;}\">\n\t\t<div class=\"elementor-element elementor-element-d64a4ba e-flex e-con-boxed elementor-invisible e-con e-child\" data-id=\"d64a4ba\" data-element_type=\"container\" data-e-type=\"container\" data-settings=\"{&quot;animation&quot;:&quot;fadeIn&quot;,&quot;animation_delay&quot;:1500}\">\n\t\t\t\t\t<div class=\"e-con-inner\">\n\t\t\t\t<div class=\"elementor-element elementor-element-3e11dff elementor-widget elementor-widget-heading\" data-id=\"3e11dff\" data-element_type=\"widget\" data-e-type=\"widget\" data-widget_type=\"heading.default\">\n\t\t\t\t<div class=\"elementor-widget-container\">\n\t\t\t\t\t<h1 class=\"elementor-heading-title elementor-size-default\">Le nostre Suites<\/h1>\t\t\t\t<\/div>\n\t\t\t\t<\/div>\n\t\t\t\t<div class=\"elementor-element elementor-element-9bc52b5 elementor-widget elementor-widget-heading\" data-id=\"9bc52b5\" data-element_type=\"widget\" data-e-type=\"widget\" data-widget_type=\"heading.default\">\n\t\t\t\t<div class=\"elementor-widget-container\">\n\t\t\t\t\t<h2 class=\"elementor-heading-title elementor-size-default\">Spazi pensati per accoglierti, dettagli che raccontano cura. Dormire al Morgana \u00e8 un\u2019esperienza da ricordare.<\/h2>\t\t\t\t<\/div>\n\t\t\t\t<\/div>\n\t\t\t\t\t<\/div>\n\t\t\t\t<\/div>\n\t\t\t\t<\/div>\n\t\t\t\t<\/div>\n\t\t<div class=\"elementor-element elementor-element-a27fe4c e-flex e-con-boxed elementor-invisible e-con e-parent\" data-id=\"a27fe4c\" data-element_type=\"container\" data-e-type=\"container\" data-settings=\"{&quot;animation&quot;:&quot;fadeIn&quot;,&quot;animation_delay&quot;:2000}\">\n\t\t\t\t\t<div class=\"e-con-inner\">\n\t\t\t\t<div class=\"elementor-element elementor-element-e7eb062 rooms-grid-3 rooms-grid-tablet-1 rooms-grid-mobile-1 camere-container rooms-grid--thumbnail-skin-default elementor-widget elementor-widget-htl-rooms\" data-id=\"e7eb062\" data-element_type=\"widget\" data-e-type=\"widget\" data-settings=\"{&quot;row_gap&quot;:{&quot;unit&quot;:&quot;px&quot;,&quot;size&quot;:60,&quot;sizes&quot;:[]},&quot;row_gap_tablet&quot;:{&quot;unit&quot;:&quot;px&quot;,&quot;size&quot;:&quot;&quot;,&quot;sizes&quot;:[]},&quot;row_gap_mobile&quot;:{&quot;unit&quot;:&quot;px&quot;,&quot;size&quot;:&quot;&quot;,&quot;sizes&quot;:[]}}\" data-widget_type=\"htl-rooms.default\">\n\t\t\t\t<div class=\"elementor-widget-container\">\n\t\t\t\t\t\n\t\t\n\t\t\t\n\t\t\t\n<ul class=\"room-loop__list\">\n\n\t\t\t\t\n\t\t\t\t\t\n<li class=\"room-loop__item room-loop__item--first room-loop__item--odd room-loop__item--columns-3 post-8674 room type-room status-publish has-post-thumbnail hentry\">\n\n\t\n<a href=\"https:\/\/mcidemo.it\/morgana\/rooms\/classic\/\" class=\"room__thumbnail room__thumbnail--loop\">\n\t<img fetchpriority=\"high\" decoding=\"async\" width=\"936\" height=\"452\" src=\"https:\/\/mcidemo.it\/morgana\/wp-content\/uploads\/2025\/07\/Copertina-camera-classica.jpg\" class=\"attachment-full size-full wp-post-image\" alt=\"\" srcset=\"https:\/\/mcidemo.it\/morgana\/wp-content\/uploads\/2025\/07\/Copertina-camera-classica.jpg 936w, https:\/\/mcidemo.it\/morgana\/wp-content\/uploads\/2025\/07\/Copertina-camera-classica-300x145.jpg 300w, https:\/\/mcidemo.it\/morgana\/wp-content\/uploads\/2025\/07\/Copertina-camera-classica-768x371.jpg 768w, https:\/\/mcidemo.it\/morgana\/wp-content\/uploads\/2025\/07\/Copertina-camera-classica-600x290.jpg 600w\" sizes=\"(max-width: 936px) 100vw, 936px\" \/><\/a>\n<div class=\"room__text-wrapper\">\n<h3 class=\"room__name room__name--loop\"><a class=\"room__link room__link--loop\" href=\"https:\/\/mcidemo.it\/morgana\/rooms\/classic\/\" rel=\"bookmark\">Classic Room<\/a><\/h3>\n\n<div class=\"room__description room__description--loop\">\n\t<p>Arredi in materiali pregiati nelle eleganti tonalit\u00e0 del grigio garantiscono tutto il necessario per un soggiorno rilassante o di lavoro, all\u2019insegna del comfort.<\/p>\n<p style=\"margin-top: 20px\">A partire da <strong>90\u20ac<\/strong><\/p>\n<\/div>\n\n<a class=\"button button--view-room-details\" href=\"https:\/\/mcidemo.it\/morgana\/rooms\/classic\/\">Vedi i dettagli della camera<\/a>\n<\/div>\n<\/li>\n\n\t\t\t\t\n\t\t\t\t\t\n<li class=\"room-loop__item room-loop__item--even room-loop__item--columns-3 post-8616 room type-room status-publish has-post-thumbnail hentry\">\n\n\t\n<a href=\"https:\/\/mcidemo.it\/morgana\/rooms\/junior-suite\/\" class=\"room__thumbnail room__thumbnail--loop\">\n\t<img decoding=\"async\" width=\"936\" height=\"452\" src=\"https:\/\/mcidemo.it\/morgana\/wp-content\/uploads\/2025\/07\/junior-suite-copertina.jpg\" class=\"attachment-full size-full wp-post-image\" alt=\"\" srcset=\"https:\/\/mcidemo.it\/morgana\/wp-content\/uploads\/2025\/07\/junior-suite-copertina.jpg 936w, https:\/\/mcidemo.it\/morgana\/wp-content\/uploads\/2025\/07\/junior-suite-copertina-300x145.jpg 300w, https:\/\/mcidemo.it\/morgana\/wp-content\/uploads\/2025\/07\/junior-suite-copertina-768x371.jpg 768w, https:\/\/mcidemo.it\/morgana\/wp-content\/uploads\/2025\/07\/junior-suite-copertina-600x290.jpg 600w\" sizes=\"(max-width: 936px) 100vw, 936px\" \/><\/a>\n<div class=\"room__text-wrapper\">\n<h3 class=\"room__name room__name--loop\"><a class=\"room__link room__link--loop\" href=\"https:\/\/mcidemo.it\/morgana\/rooms\/junior-suite\/\" rel=\"bookmark\">Junior Suite<\/a><\/h3>\n\n<div class=\"room__description room__description--loop\">\n\t<p>Linee moderne, colori sofisticati e dettagli glamour danno vita a un\u2019atmosfera luminosa e accogliente, dove lusso e comfort si fondono perfettamente.<\/p>\n<p style=\"margin-top: 20px\">A partire da <strong>140\u20ac<\/strong><\/p>\n<\/div>\n\n<a class=\"button button--view-room-details\" href=\"https:\/\/mcidemo.it\/morgana\/rooms\/junior-suite\/\">Vedi i dettagli della camera<\/a>\n<\/div>\n<\/li>\n\n\t\t\t\t\n\t\t\t\t\t\n<li class=\"room-loop__item room-loop__item--last room-loop__item--odd room-loop__item--columns-3 post-2309 room type-room status-publish has-post-thumbnail hentry\">\n\n\t\n<a href=\"https:\/\/mcidemo.it\/morgana\/rooms\/corner-suite\/\" class=\"room__thumbnail room__thumbnail--loop\">\n\t<img decoding=\"async\" width=\"2250\" height=\"1500\" src=\"https:\/\/mcidemo.it\/morgana\/wp-content\/uploads\/2020\/03\/DSC_7033-lenzuola-sistemate.jpg\" class=\"attachment-full size-full wp-post-image\" alt=\"\" srcset=\"https:\/\/mcidemo.it\/morgana\/wp-content\/uploads\/2020\/03\/DSC_7033-lenzuola-sistemate.jpg 2250w, https:\/\/mcidemo.it\/morgana\/wp-content\/uploads\/2020\/03\/DSC_7033-lenzuola-sistemate-300x200.jpg 300w, https:\/\/mcidemo.it\/morgana\/wp-content\/uploads\/2020\/03\/DSC_7033-lenzuola-sistemate-1024x683.jpg 1024w, https:\/\/mcidemo.it\/morgana\/wp-content\/uploads\/2020\/03\/DSC_7033-lenzuola-sistemate-768x512.jpg 768w, https:\/\/mcidemo.it\/morgana\/wp-content\/uploads\/2020\/03\/DSC_7033-lenzuola-sistemate-1536x1024.jpg 1536w, https:\/\/mcidemo.it\/morgana\/wp-content\/uploads\/2020\/03\/DSC_7033-lenzuola-sistemate-2048x1365.jpg 2048w\" sizes=\"(max-width: 2250px) 100vw, 2250px\" \/><\/a>\n<div class=\"room__text-wrapper\">\n<h3 class=\"room__name room__name--loop\"><a class=\"room__link room__link--loop\" href=\"https:\/\/mcidemo.it\/morgana\/rooms\/corner-suite\/\" rel=\"bookmark\">Corner Suite<\/a><\/h3>\n\n<div class=\"room__description room__description--loop\">\n\t<p>Eleganza audace, con letto rotondo, vasca idromassaggio e camino, in uno spazio curvo e luminoso dove design e comfort si incontrano in perfetto equilibrio.<\/p>\n<p style=\"margin-top: 20px\">A partire da <strong>205\u20ac<\/strong><\/p>\n<\/div>\n\n<a class=\"button button--view-room-details\" href=\"https:\/\/mcidemo.it\/morgana\/rooms\/corner-suite\/\">Vedi i dettagli della camera<\/a>\n<\/div>\n<\/li>\n\n\t\t\t\t\n\t\t\t\t\t\n<li class=\"room-loop__item room-loop__item--first room-loop__item--even room-loop__item--columns-3 post-8660 room type-room status-publish has-post-thumbnail hentry\">\n\n\t\n<a href=\"https:\/\/mcidemo.it\/morgana\/rooms\/executive-suite\/\" class=\"room__thumbnail room__thumbnail--loop\">\n\t<img loading=\"lazy\" decoding=\"async\" width=\"936\" height=\"452\" src=\"https:\/\/mcidemo.it\/morgana\/wp-content\/uploads\/2025\/07\/Executive-Suite-copertina.jpg\" class=\"attachment-full size-full wp-post-image\" alt=\"\" srcset=\"https:\/\/mcidemo.it\/morgana\/wp-content\/uploads\/2025\/07\/Executive-Suite-copertina.jpg 936w, https:\/\/mcidemo.it\/morgana\/wp-content\/uploads\/2025\/07\/Executive-Suite-copertina-300x145.jpg 300w, https:\/\/mcidemo.it\/morgana\/wp-content\/uploads\/2025\/07\/Executive-Suite-copertina-768x371.jpg 768w, https:\/\/mcidemo.it\/morgana\/wp-content\/uploads\/2025\/07\/Executive-Suite-copertina-600x290.jpg 600w\" sizes=\"(max-width: 936px) 100vw, 936px\" \/><\/a>\n<div class=\"room__text-wrapper\">\n<h3 class=\"room__name room__name--loop\"><a class=\"room__link room__link--loop\" href=\"https:\/\/mcidemo.it\/morgana\/rooms\/executive-suite\/\" rel=\"bookmark\">Executive Suite<\/a><\/h3>\n\n<div class=\"room__description room__description--loop\">\n\t<p>Materiali raffinati, colori avvolgenti e tessuti preziosi definiscono un ambiente elegante e ricercato, ideale per chi ama il comfort senza rinunciare allo stile.<\/p>\n<p style=\"margin-top: 20px\">A partire da <strong>220\u20ac<\/strong><\/p>\n<\/div>\n\n<a class=\"button button--view-room-details\" href=\"https:\/\/mcidemo.it\/morgana\/rooms\/executive-suite\/\">Vedi i dettagli della camera<\/a>\n<\/div>\n<\/li>\n\n\t\t\t\t\n\t\t\t\t\t\n<li class=\"room-loop__item room-loop__item--odd room-loop__item--columns-3 post-8645 room type-room status-publish has-post-thumbnail hentry\">\n\n\t\n<a href=\"https:\/\/mcidemo.it\/morgana\/rooms\/royal-suite\/\" class=\"room__thumbnail room__thumbnail--loop\">\n\t<img loading=\"lazy\" decoding=\"async\" width=\"936\" height=\"452\" src=\"https:\/\/mcidemo.it\/morgana\/wp-content\/uploads\/2025\/03\/royal-suite-2.jpg\" class=\"attachment-full size-full wp-post-image\" alt=\"\" srcset=\"https:\/\/mcidemo.it\/morgana\/wp-content\/uploads\/2025\/03\/royal-suite-2.jpg 936w, https:\/\/mcidemo.it\/morgana\/wp-content\/uploads\/2025\/03\/royal-suite-2-600x290.jpg 600w, https:\/\/mcidemo.it\/morgana\/wp-content\/uploads\/2025\/03\/royal-suite-2-300x145.jpg 300w, https:\/\/mcidemo.it\/morgana\/wp-content\/uploads\/2025\/03\/royal-suite-2-768x371.jpg 768w\" sizes=\"(max-width: 936px) 100vw, 936px\" \/><\/a>\n<div class=\"room__text-wrapper\">\n<h3 class=\"room__name room__name--loop\"><a class=\"room__link room__link--loop\" href=\"https:\/\/mcidemo.it\/morgana\/rooms\/royal-suite\/\" rel=\"bookmark\">Royal Suite<\/a><\/h3>\n\n<div class=\"room__description room__description--loop\">\n\t<p>Un appartamento esclusivo dove lusso, profumi e colori creano un\u2019esperienza sensoriale completa, pensata per offrire relax profondo e fascino discreto.<\/p>\n<p style=\"margin-top: 20px\">A partire da <strong>310\u20ac<\/strong><\/p>\n<\/div>\n\n<a class=\"button button--view-room-details\" href=\"https:\/\/mcidemo.it\/morgana\/rooms\/royal-suite\/\">Vedi i dettagli della camera<\/a>\n<\/div>\n<\/li>\n\n\t\t\t\t\n\t\t\t\n<\/ul>\n\n\t\t\t\n\t\t\t\n\t\t\t\t\t\t<\/div>\n\t\t\t\t<\/div>\n\t\t\t\t\t<\/div>\n\t\t\t\t<\/div>\n\t\t<div class=\"elementor-element elementor-element-6aaeab9a e-flex e-con-boxed e-con e-parent\" data-id=\"6aaeab9a\" data-element_type=\"container\" data-e-type=\"container\" data-settings=\"{&quot;background_background&quot;:&quot;classic&quot;}\">\n\t\t\t\t\t<div class=\"e-con-inner\">\n\t\t<div class=\"elementor-element elementor-element-51a814d6 e-con-full e-flex e-con e-child\" data-id=\"51a814d6\" data-element_type=\"container\" data-e-type=\"container\">\n\t\t\t\t<div class=\"elementor-element elementor-element-439e47e1 elementor-widget elementor-widget-heading\" data-id=\"439e47e1\" data-element_type=\"widget\" data-e-type=\"widget\" data-widget_type=\"heading.default\">\n\t\t\t\t<div class=\"elementor-widget-container\">\n\t\t\t\t\t<h2 class=\"elementor-heading-title elementor-size-default\">Prenota la tua esperienza<\/h2>\t\t\t\t<\/div>\n\t\t\t\t<\/div>\n\t\t\t\t<div class=\"elementor-element elementor-element-da62c12 elementor-widget elementor-widget-heading\" data-id=\"da62c12\" data-element_type=\"widget\" data-e-type=\"widget\" data-widget_type=\"heading.default\">\n\t\t\t\t<div class=\"elementor-widget-container\">\n\t\t\t\t\t<h3 class=\"elementor-heading-title elementor-size-default\">Un soggiorno all'Hotel Morgana \u00e8 pi\u00f9 di una pausa: \u00e8 un modo per prendersi cura di s\u00e9.<\/h3>\t\t\t\t<\/div>\n\t\t\t\t<\/div>\n\t\t\t\t<div class=\"elementor-element elementor-element-7503f95 elementor-widget elementor-widget-text-editor\" data-id=\"7503f95\" data-element_type=\"widget\" data-e-type=\"widget\" data-widget_type=\"text-editor.default\">\n\t\t\t\t<div class=\"elementor-widget-container\">\n\t\t\t\t\t\t\t\t\t<p><strong>Compila il form e preparati a vivere la Franciacorta con occhi nuovi.<\/strong><\/p><p>Prenotare all&#8217;Hotel Morgana \u00e8 semplice: scegli la tua data, la camera ideale e preparati a vivere un soggiorno speciale nel cuore della Franciacorta.<br \/>Un\u2019esperienza su misura, dove ogni dettaglio parla di te.<\/p>\t\t\t\t\t\t\t\t<\/div>\n\t\t\t\t<\/div>\n\t\t\t\t<\/div>\n\t\t<div class=\"elementor-element elementor-element-5f74d788 e-con-full e-flex e-con e-child\" data-id=\"5f74d788\" data-element_type=\"container\" data-e-type=\"container\">\n\t\t\t\t<div class=\"elementor-element elementor-element-1d5d682f elementor-widget__width-initial elementor-widget elementor-widget-htl-ajax-room-booking\" data-id=\"1d5d682f\" data-element_type=\"widget\" data-e-type=\"widget\" data-widget_type=\"htl-ajax-room-booking.default\">\n\t\t\t\t<div class=\"elementor-widget-container\">\n\t\t\t\t\t\n<div class=\"widget-ajax_room_booking__wrapper\">\n\t<form class=\"form--widget-ajax-room-booking \" id=\"widget-ajax-room-booking-form\" name=\"widget-ajax-room-booking-form\" method=\"post\" data-room-id=\"2309\" data-show-rate-description=\"false\" data-show-room-conditions=\"false\">\n\t\t<p class=\"form-row form-row--wide widget-ajax-room-booking__row widget-ajax-room-booking__row--dates\">\n\t\t\t<label class=\"form-row__label widget-ajax-room-booking__label\">Check-in \/ Check-out<\/label>\n\n\t\t\t<span class=\"datepicker-input-select-wrapper\">\n\t\t\t\t<input class=\"datepicker-input-select\" type=\"text\" value=\"\">\n\t\t\t<\/span>\n\n\t\t\t<input type=\"text\" class=\"datepicker-input datepicker-input--checkin\" name=\"checkin\" value=\"2026-05-16\" style=\"display: none;\">\n\t\t\t<input type=\"text\" class=\"datepicker-input datepicker-input--checkout\" name=\"checkout\" value=\"2026-05-17\" style=\"display: none;\">\n\t\t<\/p>\n\n\t\t\n\t\t\n\t\t\t\t\t<p class=\"form-row form-row--wide widget-ajax-room-booking__row widget-ajax-room-booking__row--adults widget-ajax-room-booking__row--pre\">\n\t\t\t\t<label class=\"form-row__label widget-ajax-room-booking__label\">Adulti<\/label>\n\n\t\t\t\t<select class=\"form-row__input select\" name=\"adults\" id=\"adults\" data-default=\"2\">\n\t\t\t\t\t\t\t\t\t\t\t<option value=\"1\" >1<\/option>\n\t\t\t\t\t\t\t\t\t\t\t<option value=\"2\"  selected='selected'>2<\/option>\n\t\t\t\t\t\t\t\t\t<\/select>\n\t\t\t<\/p>\n\t\t\n\t\t\n\t\t\t\t<div class=\"widget-ajax_room_booking__result\"><\/div>\n\n\t\t<p class=\"form-row form-row--wide widget-ajax-room-booking__row widget-ajax-room-booking__row--submit\">\n\t\t\t<input type=\"submit\" class=\"button button--widget-ajax-room-booking\" name=\"hotelier_widget_ajax_room_booking_button\" id=\"widget-ajax-room-booking-button\" value=\"Verifica la disponibilit\u00e0\" \/>\n\t\t\t<span id=\"widget-ajax-room-booking-reset\" class=\"reset--widget-ajax-room-booking\" style=\"display: none;\">Reimpostare selezioni<\/span>\n\n\t\t\t<input type=\"hidden\" name=\"show_rate_desc\" value=\"\">\n\t\t\t<input type=\"hidden\" name=\"show_room_conditions\" value=\"\">\n\t\t\t<input type=\"hidden\" name=\"show_room_deposit\" value=\"\">\n\t\t<\/p>\n\t<\/form>\n<\/div>\n\n\t\t\t\t<\/div>\n\t\t\t\t<\/div>\n\t\t\t\t<\/div>\n\t\t\t\t\t<\/div>\n\t\t\t\t<\/div>\n\t\t\t\t<\/div>\n\t\t","protected":false},"excerpt":{"rendered":"<p>Le nostre Suites Spazi pensati per accoglierti, dettagli che raccontano cura. Dormire al Morgana \u00e8 un\u2019esperienza da ricordare. Classic Room Arredi in materiali pregiati nelle eleganti tonalit\u00e0 del grigio garantiscono tutto il necessario per un soggiorno rilassante o di lavoro, all\u2019insegna del comfort. A partire da 90\u20ac Vedi i dettagli della camera Junior Suite Linee [&hellip;]<\/p>\n","protected":false},"author":1,"featured_media":0,"parent":0,"menu_order":0,"comment_status":"closed","ping_status":"closed","template":"","meta":{"_acf_changed":false,"footnotes":""},"class_list":["post-8121","page","type-page","status-publish","hentry"],"acf":[],"_links":{"self":[{"href":"https:\/\/mcidemo.it\/morgana\/wp-json\/wp\/v2\/pages\/8121","targetHints":{"allow":["GET"]}}],"collection":[{"href":"https:\/\/mcidemo.it\/morgana\/wp-json\/wp\/v2\/pages"}],"about":[{"href":"https:\/\/mcidemo.it\/morgana\/wp-json\/wp\/v2\/types\/page"}],"author":[{"embeddable":true,"href":"https:\/\/mcidemo.it\/morgana\/wp-json\/wp\/v2\/users\/1"}],"replies":[{"embeddable":true,"href":"https:\/\/mcidemo.it\/morgana\/wp-json\/wp\/v2\/comments?post=8121"}],"version-history":[{"count":184,"href":"https:\/\/mcidemo.it\/morgana\/wp-json\/wp\/v2\/pages\/8121\/revisions"}],"predecessor-version":[{"id":10929,"href":"https:\/\/mcidemo.it\/morgana\/wp-json\/wp\/v2\/pages\/8121\/revisions\/10929"}],"wp:attachment":[{"href":"https:\/\/mcidemo.it\/morgana\/wp-json\/wp\/v2\/media?parent=8121"}],"curies":[{"name":"wp","href":"https:\/\/api.w.org\/{rel}","templated":true}]}}