{"id":5119,"date":"2020-03-18T07:37:53","date_gmt":"2020-03-18T07:37:53","guid":{"rendered":"http:\/\/alloggio.qodeinteractive.com\/?page_id=3"},"modified":"2025-10-28T16:12:12","modified_gmt":"2025-10-28T15:12:12","slug":"privacy-policy-2","status":"publish","type":"page","link":"https:\/\/mcidemo.it\/costa\/privacy-policy-2\/","title":{"rendered":"Cookies e Privacy Policy"},"content":{"rendered":"\t\t<div data-elementor-type=\"wp-page\" data-elementor-id=\"5119\" class=\"elementor elementor-5119\" data-elementor-post-type=\"page\">\n\t\t\t\t<div class=\"elementor-element elementor-element-71981bf1 e-flex e-con-boxed qodef-elementor-content-no e-con e-parent\" data-id=\"71981bf1\" data-element_type=\"container\">\n\t\t\t\t\t<div class=\"e-con-inner\">\n\t\t\t\t<div class=\"elementor-element elementor-element-2d2daf8a elementor-widget elementor-widget-text-editor\" data-id=\"2d2daf8a\" data-element_type=\"widget\" data-widget_type=\"text-editor.default\">\n\t\t\t\t\t\t\t\t\t<p><\/p>\n<div>\n<div>\n<p><strong>Cosa si intende quando si parla di cookie?<\/strong><br \/>I cookie sono piccoli file di testo che i siti visitati dall\u2019utente inviano al suo terminale (solitamente al browser), dove vengono memorizzati per essere poi ritrasmessi agli stessi siti in occasione di una successiva visita del medesimo utente.<br \/>Nel corso della navigazione su un sito, l\u2019utente pu\u00f2 ricevere sul suo terminale anche cookie di siti o di web server diversi (c.d. cookie di \u201cterze parti\u201d); ci\u00f2 accade perch\u00e9 sul sito web visitato possono essere presenti elementi (come, ad esempio, immagini, mappe, suoni, specifici link a pagine web di altri domini) che risiedono su server diversi da quello sul quale si trova la pagina richiesta. In altre parole, sono quei cookie che vengono impostati da un sito web diverso da quello che si sta attualmente visitando.<\/p>\n<p><strong>Quali cookie utilizziamo su questo sito?<\/strong><br \/>I cookie che utilizziamo sono i seguenti:<\/p>\n<p>\u2022\u00a0\u00a0 \u00a0<em>Cookie essenziali:<\/em>\u00a0sono indispensabili per l\u2019operativit\u00e0 delle funzionalit\u00e0 chiave del nostro sito web. Questi cookie non raccolgono informazioni sull\u2019utente che potrebbero essere utilizzate a scopo commerciale, n\u00e9 memorizzano la cronologia di navigazione dell\u2019utente su Internet.<\/p>\n<p>\u2022\u00a0\u00a0 \u00a0<em>Cookie analitici\/di performance:<\/em>\u00a0ci permettono di riconoscere e contare il numero di visitatori che accedono al nostro sito web e di vedere come vi navigano e lo utilizzano. Questo ci aiuta a migliorare il funzionamento del nostro sito web (ad esempio garantendo che gli utenti trovino pi\u00f9 facilmente le informazioni che cercano). Questi cookie non raccolgono alcuna informazione che possa identificare l\u2019utente. Tutte le informazioni raccolte sono anonime e vengono utilizzate solo per aiutarci a migliorare il funzionamento del nostro sito web.\u2028Per ulteriori informazioni sui diversi tipi di cookie, potete visitare il sito web:<a href=\"http:\/\/www.allaboutcookies.org\/\" target=\"_blank\" rel=\"noopener\">\u00a0www.allaboutcookies.org<\/a><\/p>\n<p><strong>Come \u00e8 possibile controllare o eliminare i cookie utilizzati sul nostro sito?<\/strong><br \/>Ogni browser \u00e8 automaticamente impostato per accettare i cookies. \u00c8 comunque possibile per gli utenti disabilitare questa funzione dalle impostazioni del proprio browser.<br \/>Si noti che impedendoci di posizionare i cookie sul proprio computer durante la visita (compresi i cookie essenziali), o eliminando i cookie dopo che sono stati posizionati, si potrebbe influenzare la funzionalit\u00e0 del nostro sito e comprometterne l\u2019utilizzo efficace da parte dell\u2019utente. Questo si applica a tutti i siti web, cos\u00ec come ai nostri, una volta disabilitati i cookie tramite le impostazioni del browser.<\/p>\n<\/div>\n<\/div>\n<div>\u00a0<\/div>\n<div>\u00a0<\/div>\n<div>\u00a0<\/div>\n<div>\n<div>\n<p><strong>Privacy Policy<\/strong><\/p>\n<p>Gentile Cliente, ai sensi dell\u2019art.10 della Legge n. 675\/96 \u201cTutela delle persone e di altri soggetti rispetto al trattamento dei dati personali\u201d (di seguito pi\u00f9 brevemente \u201cLegge\u201d) desideriamo informarLa:<\/p>\n<p>a) che i dati personali e anagrafici da Lei forniti a \u201cLa Costa Pernottamenti\u201d in occasione di rapporti commerciali finalizzati alla conclusione di accordi contrattuali, esecuzione di prestazioni contrattuali, attivit\u00e0 promozionali ovvero altrimenti acquisiti nell\u2019ambito della nostra attivit\u00e0 nel rispetto delle disposizioni legislative e contrattuali vigenti, sono oggetto di trattamento nel rispetto della normativa sopra richiamata e degli obblighi di riservatezza ivi previsti;<\/p>\n<p>b) che per trattamento di dati personali ai sensi dell\u2019art.1, comma 2, lett. b) della Legge, si intende qualunque operazione o complesso di operazioni, svolti con o senza l\u2019ausilio di mezzi elettronici o comunque automatizzati, concernenti la raccolta, la registrazione, l\u2019organizzazione, la conservazione, l\u2019elaborazione, la modificazione, la selezione, l\u2019estrazione, il raffronto, l\u2019utilizzo, l\u2019interconnessione, il blocco, la comunicazione, la diffusione, la cancellazione e la distribuzione di dati. Il trattamento viene effettuato tramite strumenti automatizzati e non, con accesso controllato e secondo le modalit\u00e0 di cui agli articoli 9 e 15 della Legge e relativi regolamenti di attuazione;<\/p>\n<p>c) che i dati sono trattati per finalit\u00e0 istituzionali, connesse o strumentali all\u2019attivit\u00e0 della nostra Societ\u00e0 quali archiviazione, elaborazione, fatturazione, gestione cliente e, in particolare:<br \/>1) per adempiere ad obblighi di legge connessi a norme civilistiche, fiscali, contabili ecc. a fini di gestione amministrativa del rapporto da Lei instaurato con la nostra societ\u00e0;<br \/>2) per adempiere ad obblighi contrattuali, di supporto tecnico e informazione tecnica, di assistenza post vendita.<\/p>\n<p>d) che i dati sono raccolti e registrati in modo da consentirne l\u2019accesso solo ai soggetti \u201cLa Costa Pernottamenti\u201d autorizzati: potranno essere trattati, nel rispetto delle finalit\u00e0 precedentemente indicate, all\u2019interno de \u201c<span style=\"background-color: #ffffff;\">La Costa Pernottamenti<\/span>\u201d ovvero potranno essere comunicati all\u2019esterno nell\u2019ambito:<br \/>1) di societ\u00e0 collegate, controllate, affiliate a \u201c<span style=\"background-color: #ffffff;\">La Costa Pernottamenti<\/span>\u201d;<br \/>2) dei partners commerciali \u201c<span style=\"background-color: #ffffff;\">La Costa Pernottamenti<\/span>\u201d;<br \/>3) delle societ\u00e0 che effettuano indagini inerenti la sfera di gradimento dei clienti.<\/p>\n<p>La informiamo inoltre che ogni interessato pu\u00f2 esercitare i diritti di cui all\u2019art.13 della Legge 675\/96 che di seguito riassumiamo:<br \/>1) conoscere mediante accesso gratuito al contenuto del Registro di cui all\u2019art.31 della Legge 675\/96 l\u2019esistenza di trattamenti di dati che possono riguardarlo;<br \/>2) di essere informato in merito a:<br \/>1. nome, denominazione, ragione sociale, domicilio, residenza e sede del titolare del trattamento;<br \/>2. finalit\u00e0 e modalit\u00e0 del trattamento;<br \/>3. nome, denominazione, ragione sociale domicilio, sede del responsabile del trattamento.<br \/>3) di ottenere dal titolare:<br \/>1. Conferma dell\u2019esistenza di dati personali che lo riguardano e comunicazione dei medesimi in forma intelligibile;<br \/>2. Informazioni relative alla logica e alle finalit\u00e0 del trattamento;<br \/>3. Cancellazione e trasformazione in forma anonima dei dati o blocco dei dati trattati in violazione della legge compresi quelli di cui non \u00e8 necessaria la conservazione in relazione agli scopi per i quali sono stati raccolti e trattati;<br \/>4. Aggiornamento rettificazione o integrazione dei dati;<br \/>5. Attestazione che le operazioni di cui ai numeri 3 e 4 sono state portate a conoscenza di coloro ai quali i dati sono stati comunicati o diffusi eccettuato il caso in cui tale adempimento si riveli impossibile o comporti un impiego di mezzi manifestamente sproporzionato rispetto al diritto tutelato;<br \/>6. di opporsi, in tutto o in parte, per motivi legittimi, al trattamento dei dati personali che lo riguardano ancorch\u00e9 pertinenti allo scopo della raccolta;<br \/>7. di opporsi, in tutto o in parte, al trattamento di dati personali che lo riguardano, previsto a fini di informazione commerciale o di invio di materiale pubblicitario o di vendita diretta ovvero per il compimento di ricerche di mercato o di comunicazione commerciale interattiva e di essere informato dal titolare, non oltre il momento in cui i dati sono comunicati o diffusi, della possibilit\u00e0 di esercitare gratuitamente tale diritto.<\/p>\n<p>Nell\u2019esercizio di tali diritti l\u2019interessato pu\u00f2 conferire, per iscritto, delega o procura a persone fisiche o ad associazioni. Qualora Lei intendesse fornire dati personali di soggetti terzi, Le ricordiamo che i dati personali dei terzi possono essere comunicati previa acquisizione da parte dell\u2019interessato del relativo consenso informato, conformemente agli articoli 10 e 11 della Legge 675\/1996. La informiamo, quindi, che nell\u2019ipotesi sopra prospettata, Lei assumer\u00e0 piena responsabilit\u00e0 per la veridicit\u00e0, completezza e legittimit\u00e0 del conferimento dei dati di terzi, sollevando \u201c<span style=\"background-color: #ffffff;\">La Costa Pernottamenti<\/span>\u201d da ogni relativa responsabilit\u00e0.<\/p>\n<p>Il trattamento dei dati avviene mediante strumenti idonei a garantirne la sicurezza e la riservatezza a norma del D.P.R. n. 318\/99 con accesso controllato e limitato a soggetti autorizzati. I dati saranno conservati presso la sede legale de \u201c<span style=\"background-color: #ffffff;\">La Costa Pernottamenti<\/span>\u201d sita in\u00a0Via Piacenza n. 137\/139 \u2013 26013 Crema (CR) Italy\u00a0per i tempi prescritti dalle norme di legge.<\/p>\n<\/div>\n<\/div>\n<p><\/p>\t\t\t\t\t\t\t\t<\/div>\n\t\t\t\t\t<\/div>\n\t\t\t\t<\/div>\n\t\t\t\t<\/div>\n\t\t","protected":false},"excerpt":{"rendered":"<p>Cosa si intende quando si parla di cookie?I cookie sono piccoli file di testo che i siti visitati dall\u2019utente inviano al suo terminale (solitamente al browser), dove vengono memorizzati per essere poi ritrasmessi agli stessi siti in occasione di una successiva visita del medesimo utente.Nel corso della navigazione su un sito, l\u2019utente pu\u00f2 ricevere sul [&hellip;]<\/p>\n","protected":false},"author":1,"featured_media":0,"parent":0,"menu_order":0,"comment_status":"closed","ping_status":"open","template":"","meta":{"footnotes":""},"class_list":["post-5119","page","type-page","status-publish","hentry"],"_links":{"self":[{"href":"https:\/\/mcidemo.it\/costa\/wp-json\/wp\/v2\/pages\/5119","targetHints":{"allow":["GET"]}}],"collection":[{"href":"https:\/\/mcidemo.it\/costa\/wp-json\/wp\/v2\/pages"}],"about":[{"href":"https:\/\/mcidemo.it\/costa\/wp-json\/wp\/v2\/types\/page"}],"author":[{"embeddable":true,"href":"https:\/\/mcidemo.it\/costa\/wp-json\/wp\/v2\/users\/1"}],"replies":[{"embeddable":true,"href":"https:\/\/mcidemo.it\/costa\/wp-json\/wp\/v2\/comments?post=5119"}],"version-history":[{"count":7,"href":"https:\/\/mcidemo.it\/costa\/wp-json\/wp\/v2\/pages\/5119\/revisions"}],"predecessor-version":[{"id":5742,"href":"https:\/\/mcidemo.it\/costa\/wp-json\/wp\/v2\/pages\/5119\/revisions\/5742"}],"wp:attachment":[{"href":"https:\/\/mcidemo.it\/costa\/wp-json\/wp\/v2\/media?parent=5119"}],"curies":[{"name":"wp","href":"https:\/\/api.w.org\/{rel}","templated":true}]}}